{"id":11,"date":"2024-09-28T09:28:40","date_gmt":"2024-09-28T09:28:40","guid":{"rendered":"https:\/\/kildu.ee\/kulalistemaja\/meist\/"},"modified":"2024-10-11T17:06:32","modified_gmt":"2024-10-11T17:06:32","slug":"saun","status":"publish","type":"page","link":"https:\/\/kildu.ee\/kulalistemaja\/saun\/","title":{"rendered":"Saun"},"content":{"rendered":"\n<div class=\"wp-block-group alignfull has-background-background-color has-background has-global-padding is-layout-constrained wp-block-group-is-layout-constrained\" style=\"margin-top:0;margin-bottom:0;padding-top:0;padding-bottom:0\">\n<div class=\"wp-block-cover alignfull\" style=\"padding-top:0;padding-right:var(--wp--preset--spacing--30);padding-bottom:0;padding-left:var(--wp--preset--spacing--30);min-height:50px;aspect-ratio:unset;\"><span aria-hidden=\"true\" class=\"wp-block-cover__background has-black-background-color has-background-dim-60 has-background-dim\"><\/span><img loading=\"lazy\" decoding=\"async\" width=\"2560\" height=\"1444\" class=\"wp-block-cover__image-background wp-image-130\" alt=\"\" src=\"https:\/\/kildu.ee\/kulalistemaja\/wp-content\/uploads\/2024\/10\/20230402_110902-scaled.jpg\" style=\"object-position:52% 61%\" data-object-fit=\"cover\" data-object-position=\"52% 61%\" srcset=\"https:\/\/kildu.ee\/kulalistemaja\/wp-content\/uploads\/2024\/10\/20230402_110902-scaled.jpg 2560w, https:\/\/kildu.ee\/kulalistemaja\/wp-content\/uploads\/2024\/10\/20230402_110902-300x169.jpg 300w, https:\/\/kildu.ee\/kulalistemaja\/wp-content\/uploads\/2024\/10\/20230402_110902-1024x578.jpg 1024w, https:\/\/kildu.ee\/kulalistemaja\/wp-content\/uploads\/2024\/10\/20230402_110902-768x433.jpg 768w, https:\/\/kildu.ee\/kulalistemaja\/wp-content\/uploads\/2024\/10\/20230402_110902-1536x866.jpg 1536w, https:\/\/kildu.ee\/kulalistemaja\/wp-content\/uploads\/2024\/10\/20230402_110902-2048x1155.jpg 2048w\" sizes=\"auto, (max-width: 2560px) 100vw, 2560px\" \/><div class=\"wp-block-cover__inner-container is-layout-flow wp-block-cover-is-layout-flow\">\n<div class=\"wp-block-group has-global-padding is-layout-constrained wp-block-group-is-layout-constrained\" style=\"padding-top:var(--wp--preset--spacing--60);padding-bottom:var(--wp--preset--spacing--60)\">\n<h1 class=\"wp-block-heading alignwide has-text-align-left has-text-color has-x-large-font-size\" style=\"color:#fffffffc\">Saun<\/h1>\n<\/div>\n<\/div><\/div>\n<\/div>\n\n\n\n<div class=\"wp-block-group alignfull has-tertiary-background-color has-background has-global-padding is-layout-constrained wp-container-core-group-is-layout-7276a2bb wp-block-group-is-layout-constrained\" id=\"kliendi-tagasiside\" style=\"margin-top:0;margin-bottom:0;padding-top:var(--wp--preset--spacing--60);padding-right:var(--wp--preset--spacing--30);padding-bottom:var(--wp--preset--spacing--60);padding-left:var(--wp--preset--spacing--30)\">\n<div class=\"wp-block-group alignwide has-background-background-color has-background has-global-padding is-layout-constrained wp-container-core-group-is-layout-a666d811 wp-block-group-is-layout-constrained\" style=\"padding-top:var(--wp--preset--spacing--40);padding-right:var(--wp--preset--spacing--40);padding-bottom:var(--wp--preset--spacing--40);padding-left:var(--wp--preset--spacing--40)\">\n<div class=\"wp-block-columns alignwide are-vertically-aligned-center is-layout-flex wp-container-core-columns-is-layout-08c01c1c wp-block-columns-is-layout-flex\">\n<div class=\"wp-block-column is-vertically-aligned-center is-layout-flow wp-container-core-column-is-layout-f5bb311e wp-block-column-is-layout-flow\" style=\"flex-basis:66.66%\">\n<p style=\"font-size:clamp(20px, 1.25rem + ((1vw - 3.2px) * 1.25), 32px);font-style:normal;font-weight:600;line-height:1.4\"><strong>Pakume kaminatoa ja puuk\u00fcttega soome sauna kasutamise v\u00f5imalust kuni 20 inimesele<\/strong><\/p>\n\n\n\n<h4 class=\"wp-block-heading has-text-align-left has-small-font-size\">Sauna ja kaminatoa kasutamise hind 30 eurot tund. Samuti pakume vihta hinnaga 6 eurot.<\/h4>\n\n\n\n<p><\/p>\n\n\n\n<p class=\"has-text-align-left has-small-font-size\" style=\"margin-top:2px\">Lisaks on meie k\u00fclalistemajast v\u00f5imalik tellida nii alkoholi, saunasn\u00e4kke kui ka t\u00f5sisemat k\u00f5hut\u00e4it.<\/p>\n<\/div>\n\n\n\n<div class=\"wp-block-column is-vertically-aligned-center is-layout-flow wp-block-column-is-layout-flow\" style=\"flex-basis:33.33%\">\n<figure class=\"wp-block-image aligncenter size-large is-resized is-style-default\"><img loading=\"lazy\" decoding=\"async\" width=\"1024\" height=\"578\" src=\"https:\/\/kildu.ee\/kulalistemaja\/wp-content\/uploads\/2024\/10\/20230402_111146-1024x578.jpg\" alt=\"\" class=\"wp-image-131\" style=\"object-fit:contain;width:391px;height:250px\" srcset=\"https:\/\/kildu.ee\/kulalistemaja\/wp-content\/uploads\/2024\/10\/20230402_111146-1024x578.jpg 1024w, https:\/\/kildu.ee\/kulalistemaja\/wp-content\/uploads\/2024\/10\/20230402_111146-300x169.jpg 300w, https:\/\/kildu.ee\/kulalistemaja\/wp-content\/uploads\/2024\/10\/20230402_111146-768x433.jpg 768w, https:\/\/kildu.ee\/kulalistemaja\/wp-content\/uploads\/2024\/10\/20230402_111146-1536x866.jpg 1536w, https:\/\/kildu.ee\/kulalistemaja\/wp-content\/uploads\/2024\/10\/20230402_111146-2048x1155.jpg 2048w\" sizes=\"auto, (max-width: 1024px) 100vw, 1024px\" \/><\/figure>\n<\/div>\n<\/div>\n<\/div>\n\n\n\n<div class=\"wp-block-columns alignwide is-layout-flex wp-container-core-columns-is-layout-aee59796 wp-block-columns-is-layout-flex\" style=\"margin-top:32px\">\n<div class=\"wp-block-column has-background-background-color has-background is-layout-flow wp-block-column-is-layout-flow\">\n<div class=\"wp-block-group has-global-padding is-layout-constrained wp-container-core-group-is-layout-24fca791 wp-block-group-is-layout-constrained\" style=\"padding-top:var(--wp--preset--spacing--30);padding-right:24px;padding-bottom:var(--wp--preset--spacing--30);padding-left:24px\">\n<p><strong>Sn\u00e4kivalik I&nbsp; -10le inimesele 60<\/strong>\u20ac<\/p>\n\n\n\n<p>K\u00fc\u00fcslauguleivad, kartulikr\u00f5psud, juustuvalik, \u00f5llevorstikesed<\/p>\n\n\n\n<p><strong>Sn\u00e4kivalik II \u2013 10le inimesele 80<\/strong>\u20ac<\/p>\n\n\n\n<p>Juustuvalik, k\u00fc\u00fcslauguleivad, lihavalik, singirullid, suitsetatud seakeel<\/p>\n<\/div>\n<\/div>\n\n\n\n<div class=\"wp-block-column has-background-background-color has-background is-layout-flow wp-block-column-is-layout-flow\">\n<div class=\"wp-block-group has-global-padding is-layout-constrained wp-container-core-group-is-layout-24fca791 wp-block-group-is-layout-constrained\" style=\"padding-top:var(--wp--preset--spacing--30);padding-right:24px;padding-bottom:var(--wp--preset--spacing--30);padding-left:24px\">\n<p><strong>Alkoholivabad joogid<\/strong><\/p>\n\n\n\n<p>Sprite 0.5l&nbsp; &nbsp; 2.50\u20ac<\/p>\n\n\n\n<p>Sprite 2l&nbsp; &nbsp; &nbsp; &nbsp;5.00\u20ac<\/p>\n\n\n\n<p>Coca-Cola 0.5l&nbsp; &nbsp; 2.50\u20ac<\/p>\n\n\n\n<p>Coca- Cola 2l&nbsp; &nbsp; &nbsp; 5.00\u20ac<\/p>\n\n\n\n<p>Toonik valge&nbsp; 1.5l&nbsp; &nbsp; &nbsp; 5.00\u20ac<\/p>\n\n\n\n<p>Toonik roosa&nbsp; 1.5l&nbsp; &nbsp; &nbsp; 5.00\u20ac<\/p>\n\n\n\n<p>Mineraalvesi 0.5l&nbsp;&nbsp;&nbsp;&nbsp; 1.50\u20ac<\/p>\n\n\n\n<p>Mineraalvesi karboniseerimata 0.5l&nbsp;&nbsp; 1.50\u20ac<\/p>\n\n\n\n<p>Aura mahlad 1l&nbsp; &nbsp; 5.00\u20ac<\/p>\n<\/div>\n<\/div>\n\n\n\n<div class=\"wp-block-column has-background-background-color has-background is-layout-flow wp-block-column-is-layout-flow\">\n<div class=\"wp-block-group has-global-padding is-layout-constrained wp-container-core-group-is-layout-24fca791 wp-block-group-is-layout-constrained\" style=\"padding-top:var(--wp--preset--spacing--30);padding-right:24px;padding-bottom:var(--wp--preset--spacing--30);padding-left:24px\">\n<p><strong>\u00d5lu<\/strong><\/p>\n\n\n\n<p>A.Le.Coq Premium 0.5l&nbsp; 3.50\u20ac<\/p>\n\n\n\n<p>Saku Originaal 0.5l&nbsp; &nbsp;3.50\u20ac<\/p>\n\n\n\n<p><strong>Siider<\/strong><\/p>\n\n\n\n<p>Somersby \u00d5un&nbsp;&nbsp; 0.5l&nbsp; &nbsp;3.50\u20ac<\/p>\n\n\n\n<p>Somersby Pirn&nbsp;&nbsp; 0.5l&nbsp; &nbsp;3.50\u20ac<\/p>\n<\/div>\n<\/div>\n<\/div>\n\n\n\n<h6 class=\"wp-block-heading has-text-align-center\">V\u00f5ta meiega \u00fchendust ja koostame sulle sobiva men\u00fc\u00fc ja hinnapakkumise!<\/h6>\n<\/div>\n","protected":false},"excerpt":{"rendered":"<p>Pakume kaminatoa ja puuk\u00fcttega soome sauna kasutamise v\u00f5imalust kuni 20 inimesele Sauna ja kaminatoa kasutamise hind 30 eurot tund. Samuti pakume vihta hinnaga 6 eurot. Lisaks on meie k\u00fclalistemajast v\u00f5imalik tellida nii alkoholi, saunasn\u00e4kke kui ka t\u00f5sisemat k\u00f5hut\u00e4it. Sn\u00e4kivalik I&nbsp; -10le inimesele 60\u20ac K\u00fc\u00fcslauguleivad, kartulikr\u00f5psud, juustuvalik, \u00f5llevorstikesed Sn\u00e4kivalik II \u2013 10le inimesele 80\u20ac Juustuvalik, k\u00fc\u00fcslauguleivad, [&hellip;]<\/p>\n","protected":false},"author":1,"featured_media":0,"parent":0,"menu_order":0,"comment_status":"closed","ping_status":"closed","template":"no-title","meta":{"_monsterinsights_skip_tracking":false,"_monsterinsights_sitenote_active":false,"_monsterinsights_sitenote_note":"","_monsterinsights_sitenote_category":0,"ngg_post_thumbnail":0,"footnotes":""},"class_list":["post-11","page","type-page","status-publish","hentry"],"aioseo_notices":[],"_links":{"self":[{"href":"https:\/\/kildu.ee\/kulalistemaja\/wp-json\/wp\/v2\/pages\/11","targetHints":{"allow":["GET"]}}],"collection":[{"href":"https:\/\/kildu.ee\/kulalistemaja\/wp-json\/wp\/v2\/pages"}],"about":[{"href":"https:\/\/kildu.ee\/kulalistemaja\/wp-json\/wp\/v2\/types\/page"}],"author":[{"embeddable":true,"href":"https:\/\/kildu.ee\/kulalistemaja\/wp-json\/wp\/v2\/users\/1"}],"replies":[{"embeddable":true,"href":"https:\/\/kildu.ee\/kulalistemaja\/wp-json\/wp\/v2\/comments?post=11"}],"version-history":[{"count":6,"href":"https:\/\/kildu.ee\/kulalistemaja\/wp-json\/wp\/v2\/pages\/11\/revisions"}],"predecessor-version":[{"id":377,"href":"https:\/\/kildu.ee\/kulalistemaja\/wp-json\/wp\/v2\/pages\/11\/revisions\/377"}],"wp:attachment":[{"href":"https:\/\/kildu.ee\/kulalistemaja\/wp-json\/wp\/v2\/media?parent=11"}],"curies":[{"name":"wp","href":"https:\/\/api.w.org\/{rel}","templated":true}]}}