{"id":12,"date":"2024-09-28T09:28:40","date_gmt":"2024-09-28T09:28:40","guid":{"rendered":"https:\/\/kildu.ee\/kulalistemaja\/kontakt\/"},"modified":"2025-10-22T11:23:17","modified_gmt":"2025-10-22T11:23:17","slug":"joulupaketid","status":"publish","type":"page","link":"https:\/\/kildu.ee\/kulalistemaja\/joulupaketid\/","title":{"rendered":"J\u00f5ulupaketid"},"content":{"rendered":"\n<div class=\"wp-block-group alignfull has-background-background-color has-background has-global-padding is-layout-constrained wp-block-group-is-layout-constrained\" style=\"margin-top:0;margin-bottom:0;padding-top:0;padding-bottom:0\">\n<div class=\"wp-block-cover alignfull\" style=\"padding-top:0;padding-right:var(--wp--preset--spacing--30);padding-bottom:0;padding-left:var(--wp--preset--spacing--30);min-height:50px;aspect-ratio:unset;\"><img loading=\"lazy\" decoding=\"async\" width=\"1024\" height=\"472\" class=\"wp-block-cover__image-background wp-image-384 size-large\" alt=\"\" src=\"https:\/\/kildu.ee\/kulalistemaja\/wp-content\/uploads\/2025\/10\/7801faa2-fd94-4739-86f2-31a47e46336f-1024x472.jpg\" data-object-fit=\"cover\" srcset=\"https:\/\/kildu.ee\/kulalistemaja\/wp-content\/uploads\/2025\/10\/7801faa2-fd94-4739-86f2-31a47e46336f-1024x472.jpg 1024w, https:\/\/kildu.ee\/kulalistemaja\/wp-content\/uploads\/2025\/10\/7801faa2-fd94-4739-86f2-31a47e46336f-300x138.jpg 300w, https:\/\/kildu.ee\/kulalistemaja\/wp-content\/uploads\/2025\/10\/7801faa2-fd94-4739-86f2-31a47e46336f-768x354.jpg 768w, https:\/\/kildu.ee\/kulalistemaja\/wp-content\/uploads\/2025\/10\/7801faa2-fd94-4739-86f2-31a47e46336f-1536x708.jpg 1536w, https:\/\/kildu.ee\/kulalistemaja\/wp-content\/uploads\/2025\/10\/7801faa2-fd94-4739-86f2-31a47e46336f.jpg 2048w\" sizes=\"auto, (max-width: 1024px) 100vw, 1024px\" \/><span aria-hidden=\"true\" class=\"wp-block-cover__background has-black-background-color has-background-dim-60 has-background-dim\"><\/span><div class=\"wp-block-cover__inner-container is-layout-flow wp-block-cover-is-layout-flow\">\n<div class=\"wp-block-group has-global-padding is-layout-constrained wp-block-group-is-layout-constrained\" style=\"padding-top:var(--wp--preset--spacing--60);padding-bottom:var(--wp--preset--spacing--60)\">\n<h1 class=\"wp-block-heading alignwide has-text-align-left has-text-color has-x-large-font-size\" style=\"color:#fffffffc\"><strong>J\u00f5ulude ja uue aasta paketid Kildu k\u00fclalistemajas 2025\/2026<\/strong><\/h1>\n<\/div>\n<\/div><\/div>\n<\/div>\n\n\n\n<div class=\"wp-block-group alignfull has-background-background-color has-background has-global-padding is-layout-constrained wp-container-core-group-is-layout-c03f3b2a wp-block-group-is-layout-constrained\" style=\"padding-top:var(--wp--preset--spacing--60);padding-right:var(--wp--preset--spacing--30);padding-bottom:var(--wp--preset--spacing--60);padding-left:var(--wp--preset--spacing--30)\">\n<p>Viljandimaal P\u00f5hja-Sakala vallas Soomaa servas asuv Kildu k\u00fclalistemaja kutsub p\u00fchadeks k\u00fclla. Kutsume Kildule pidama j\u00f5ulup\u00fchi ja t\u00e4histama uue aasta saabumist.<\/p>\n\n\n\n<p>Kildu k\u00fclalistemaja p\u00fchade pakkumised:<\/p>\n\n\n\n<p><strong>I \u201eNagu vanasti\u201c &#8211; traditsiooniline j\u00f5ulu- v\u00f5i uusaasta\u00fcritus tuntud roogadega<\/strong><\/p>\n\n\n\n<p><em>Seapraad, hapukapsas, verivorst ja pohlamoos \u2013 j\u00f5ulude lahutamatu osa.<\/em><\/p>\n\n\n\n<p>J\u00f5ulu- v\u00f5i uusaastal\u00f5una koos traditsiooniliste roogadega \u2013 soe laud, k\u00fclm ja magustoit ning kohv ja tee.<\/p>\n\n\n\n<p>\u00dcritus toimub k\u00fclalistemaja suures saalis.<\/p>\n\n\n\n<p>Saabumisel ootab k\u00fclalisi kuum j\u00f5ulugl\u00f6gi ja isevalmistatud piparkoogid.<\/p>\n\n\n\n<p>Tantsuansambel, \u00f5htujuht jms on teie vabal valikul, kutsel ja tasumisel.<\/p>\n\n\n\n<p>Men\u00fc\u00fc<\/p>\n\n\n\n<p>Tervituslaud: mahe j\u00f5ulugl\u00f6gi ning Kildu k\u00f6\u00f6gi valmistatud piparkoogid.<\/p>\n\n\n\n<p>Soe toit: ahjuliha, verivorst, hapukapsas, k\u00f5rvitsasalat, pohlamoos, ahju- v\u00f5i keedukartul, soe kaste.<\/p>\n\n\n\n<p>Lisatasu eest on v\u00f5imalik juurde tellida k\u00fclma lauda.<\/p>\n\n\n\n<p>Laual leib\/sai, morss ja maitsevesi.<\/p>\n\n\n\n<p>Dessert: j\u00f5ulukringel ning kohv ja tee.<\/p>\n\n\n\n<p>Men\u00fc\u00fcd on v\u00f5imalik muuta vastavalt Teie soovidele!<\/p>\n\n\n\n<p>Minimaalne osalejate arv 15. Pakett kuni 100 inimesele.<\/p>\n\n\n\n<p>\u00dcrituse kestvus kuni 5 tundi. Pikem pidu eraldi kokkuleppel.<\/p>\n\n\n\n<p>Paketi hind 24 eurot inimene.<\/p>\n\n\n\n<p><strong>II \u201eSaaniga sauna\u201c &#8211; j\u00f5ulu- v\u00f5i uusaastal\u00f5una v\u00f5i -\u00f5htus\u00f6\u00f6k saunaga<\/strong><\/p>\n\n\n\n<p><em>L\u00e4bi lume sahiseva s\u00f5idab saanike\u2026.<\/em><\/p>\n\n\n\n<p>Pakett algab saanis\u00f5iduga m\u00f6\u00f6da lumiseid v\u00e4lju. Lume puudusel s\u00f5idame vankriga.<\/p>\n\n\n\n<p>Talviselt karge ilmaga ootab k\u00fclalisi enne v\u00f5i p\u00e4rast s\u00f6\u00f6maaega kuum soome saun koos lahja alkoholiga ning sinna juurde sobiva sn\u00e4kilauaga.<\/p>\n\n\n\n<p>\u00dcritus toimub k\u00fclalistemaja kaminatoas ja saunas.<\/p>\n\n\n\n<p>Men\u00fc\u00fc<\/p>\n\n\n\n<p>Tervituslaud: mahe j\u00f5ulugl\u00f6gi , Kildu k\u00f6\u00f6gi valmistatud piparkoogid<\/p>\n\n\n\n<p>Soe toit: sealiharull juustu ja aedviljadega, verivorst, hapukapsas, keedukartul, soe kaste.<\/p>\n\n\n\n<p>Laual leib\/sai, morss ja maitsevesi.<\/p>\n\n\n\n<p>Dessert: j\u00f5ulukringel ning kohv ja tee.<\/p>\n\n\n\n<p>Sn\u00e4kilaud: juustuvalik, k\u00fc\u00fcslauguleivad, lihavalik.<\/p>\n\n\n\n<p>1 hele \u00f5lu (0,5l) v\u00f5i 1 siider (0,3l) inimese kohta.<\/p>\n\n\n\n<p>Men\u00fc\u00fcd on v\u00f5imalik muuta vastavalt Teie soovidele!<\/p>\n\n\n\n<p>Minimaalne osalejate arv 6. Pakett kuni 15 inimesele.<\/p>\n\n\n\n<p>\u00dcrituse kestvus kuni 5 tundi. Pikem pidu eraldi kokkuleppel.<\/p>\n\n\n\n<p>Paketi hind 39 eurot inimene.<\/p>\n\n\n\n<p><strong>III \u201eT\u00e4nuvastuv\u00f5tt\u201c \u2013 j\u00f5ulu- v\u00f5i aastavahetuse t\u00e4nu\u00fcritus suupistete ja magusaga<\/strong><\/p>\n\n\n\n<p><em>\u201eAit\u00e4h eduka aasta eest!\u201c<\/em> on soov, mida paljud ettev\u00f5tted ja asutused oma inimestele aasta l\u00f5ppedes soovivad. Kildu k\u00fclalistemaja pakub t\u00e4nuvastuv\u00f5tu korraldamiseks hea v\u00f5imaluse.<\/p>\n\n\n\n<p>\u00dcritust on v\u00f5imalik korraldada nii p\u00fcstijala-vastuv\u00f5tuna kui ka laudade taga istudes.<\/p>\n\n\n\n<p>\u00dcritus toimub k\u00fclalistemaja suures saalis.<\/p>\n\n\n\n<p>Esinejad, \u00f5htujuht, programm jms on teie vabal valikul, kutsel ja tasumisel.<\/p>\n\n\n\n<p>Men\u00fc\u00fc:<\/p>\n\n\n\n<p>Tervituslaud: Mahe j\u00f5ulugl\u00f6gi ning Kildu k\u00f6\u00f6gi valmistatud piparkoogid<\/p>\n\n\n\n<p>Suupisted: soolal\u00f5he r\u00f6stsaial, kanamaksapasteet pirni-\u00f5unamoosiga r\u00f6stsaial, suitsukana-toorjuustuvaht korvikeses, lava\u0161irull singiga, lava\u0161irull l\u00f5hega, k\u00fclm verivorsti amps r\u00f6stleival ning sealihas\u00fclt pitsis.<\/p>\n\n\n\n<p>Laual mahl ja maitsevesi.<\/p>\n\n\n\n<p>Kohv.<\/p>\n\n\n\n<p>Dessert: tort.<\/p>\n\n\n\n<p>Men\u00fc\u00fcd on v\u00f5imalik muuta vastavalt Teie soovidele!<\/p>\n\n\n\n<p>Minimaalne osalejate arv 30. Pakett kuni 100 inimesele.<\/p>\n\n\n\n<p>\u00dcrituse kestvus kuni 4 tundi. Pikem pidu eraldi kokkuleppel.<\/p>\n\n\n\n<p>Paketi hind 28 eurot inimene.<\/p>\n\n\n\n<p><strong>LISAINFO ja TELLIMINE:<\/strong><\/p>\n\n\n\n<p>Paketid alates 15. novembrist 2025 kuni 18. jaanuarini 2026.<\/p>\n\n\n\n<p>Valige v\u00e4lja just teile ja teie seltskonnale sobiv j\u00f5ulu- v\u00f5i uusaastapakett ning v\u00f5tke meiega \u00fchendust!<\/p>\n\n\n\n<p>Pakume ka \u00f6\u00f6bimisv\u00f5imalust Kildu k\u00fclalistemajas.<\/p>\n\n\n\n<p>Telefon: +372 58 22 56 50<\/p>\n\n\n\n<p>e-post: <a href=\"mailto:andrei@kildu.ee\">andrei@kildu.ee<\/a><\/p>\n\n\n\n<p>Kildu k\u00fclalistemaja \u2013 k\u00fclaliste kodu!<\/p>\n<\/div>\n","protected":false},"excerpt":{"rendered":"<p>Viljandimaal P\u00f5hja-Sakala vallas Soomaa servas asuv Kildu k\u00fclalistemaja kutsub p\u00fchadeks k\u00fclla. Kutsume Kildule pidama j\u00f5ulup\u00fchi ja t\u00e4histama uue aasta saabumist. Kildu k\u00fclalistemaja p\u00fchade pakkumised: I \u201eNagu vanasti\u201c &#8211; traditsiooniline j\u00f5ulu- v\u00f5i uusaasta\u00fcritus tuntud roogadega Seapraad, hapukapsas, verivorst ja pohlamoos \u2013 j\u00f5ulude lahutamatu osa. J\u00f5ulu- v\u00f5i uusaastal\u00f5una koos traditsiooniliste roogadega \u2013 soe laud, k\u00fclm ja magustoit [&hellip;]<\/p>\n","protected":false},"author":1,"featured_media":0,"parent":0,"menu_order":0,"comment_status":"closed","ping_status":"closed","template":"no-title","meta":{"_monsterinsights_skip_tracking":false,"_monsterinsights_sitenote_active":false,"_monsterinsights_sitenote_note":"","_monsterinsights_sitenote_category":0,"ngg_post_thumbnail":0,"footnotes":""},"class_list":["post-12","page","type-page","status-publish","hentry"],"aioseo_notices":[],"_links":{"self":[{"href":"https:\/\/kildu.ee\/kulalistemaja\/wp-json\/wp\/v2\/pages\/12","targetHints":{"allow":["GET"]}}],"collection":[{"href":"https:\/\/kildu.ee\/kulalistemaja\/wp-json\/wp\/v2\/pages"}],"about":[{"href":"https:\/\/kildu.ee\/kulalistemaja\/wp-json\/wp\/v2\/types\/page"}],"author":[{"embeddable":true,"href":"https:\/\/kildu.ee\/kulalistemaja\/wp-json\/wp\/v2\/users\/1"}],"replies":[{"embeddable":true,"href":"https:\/\/kildu.ee\/kulalistemaja\/wp-json\/wp\/v2\/comments?post=12"}],"version-history":[{"count":10,"href":"https:\/\/kildu.ee\/kulalistemaja\/wp-json\/wp\/v2\/pages\/12\/revisions"}],"predecessor-version":[{"id":386,"href":"https:\/\/kildu.ee\/kulalistemaja\/wp-json\/wp\/v2\/pages\/12\/revisions\/386"}],"wp:attachment":[{"href":"https:\/\/kildu.ee\/kulalistemaja\/wp-json\/wp\/v2\/media?parent=12"}],"curies":[{"name":"wp","href":"https:\/\/api.w.org\/{rel}","templated":true}]}}