{"id":14,"date":"2024-09-28T09:28:40","date_gmt":"2024-09-28T09:28:40","guid":{"rendered":"https:\/\/kildu.ee\/kulalistemaja\/teenused\/"},"modified":"2024-10-11T15:35:13","modified_gmt":"2024-10-11T15:35:13","slug":"telkimine","status":"publish","type":"page","link":"https:\/\/kildu.ee\/kulalistemaja\/telkimine\/","title":{"rendered":"Telkimine"},"content":{"rendered":"\n<div class=\"wp-block-group alignfull has-background-background-color has-background has-global-padding is-layout-constrained wp-block-group-is-layout-constrained\" style=\"margin-top:0;margin-bottom:0;padding-top:0;padding-bottom:0\">\n<div class=\"wp-block-cover alignfull\" style=\"padding-top:0;padding-right:var(--wp--preset--spacing--30);padding-bottom:0;padding-left:var(--wp--preset--spacing--30);min-height:50px;aspect-ratio:unset;\"><span aria-hidden=\"true\" class=\"wp-block-cover__background has-black-background-color has-background-dim-60 has-background-dim\"><\/span><img loading=\"lazy\" decoding=\"async\" width=\"1920\" height=\"550\" class=\"wp-block-cover__image-background wp-image-134\" alt=\"\" src=\"https:\/\/kildu.ee\/kulalistemaja\/wp-content\/uploads\/2024\/10\/camping-banner.png\" style=\"object-position:49% 89%\" data-object-fit=\"cover\" data-object-position=\"49% 89%\" srcset=\"https:\/\/kildu.ee\/kulalistemaja\/wp-content\/uploads\/2024\/10\/camping-banner.png 1920w, https:\/\/kildu.ee\/kulalistemaja\/wp-content\/uploads\/2024\/10\/camping-banner-300x86.png 300w, https:\/\/kildu.ee\/kulalistemaja\/wp-content\/uploads\/2024\/10\/camping-banner-1024x293.png 1024w, https:\/\/kildu.ee\/kulalistemaja\/wp-content\/uploads\/2024\/10\/camping-banner-768x220.png 768w, https:\/\/kildu.ee\/kulalistemaja\/wp-content\/uploads\/2024\/10\/camping-banner-1536x440.png 1536w\" sizes=\"auto, (max-width: 1920px) 100vw, 1920px\" \/><div class=\"wp-block-cover__inner-container is-layout-flow wp-block-cover-is-layout-flow\">\n<div class=\"wp-block-group has-global-padding is-layout-constrained wp-block-group-is-layout-constrained\" style=\"padding-top:var(--wp--preset--spacing--60);padding-bottom:var(--wp--preset--spacing--60)\">\n<h1 class=\"wp-block-heading alignwide has-text-align-left has-text-color has-x-large-font-size\" style=\"color:#fffffffc\">Telkimine<\/h1>\n<\/div>\n<\/div><\/div>\n<\/div>\n\n\n\n<div class=\"wp-block-group alignfull has-tertiary-background-color has-background has-global-padding is-layout-constrained wp-container-core-group-is-layout-7276a2bb wp-block-group-is-layout-constrained\" style=\"margin-top:0;margin-bottom:0;padding-top:var(--wp--preset--spacing--60);padding-right:var(--wp--preset--spacing--30);padding-bottom:var(--wp--preset--spacing--60);padding-left:var(--wp--preset--spacing--30)\">\n<div class=\"wp-block-group alignwide has-background-background-color has-background is-content-justification-space-between is-layout-flex wp-container-core-group-is-layout-4be20cc5 wp-block-group-is-layout-flex\" style=\"padding-top:var(--wp--preset--spacing--50);padding-right:var(--wp--preset--spacing--50);padding-bottom:var(--wp--preset--spacing--50);padding-left:var(--wp--preset--spacing--50)\">\n<div class=\"wp-block-group has-global-padding is-layout-constrained wp-block-group-is-layout-constrained\">\n<p><strong>Telkimine sisaldab telkimiskohta, l\u00f5kke tegemise v\u00f5imalust ning pesemisv\u00f5imalust ratsakeskuse riietusruumides.<\/strong><\/p>\n\n\n\n<p style=\"margin-top:16px\">Telkimine \u2013 1 inimene 7 eurot \u00f6\u00f6p\u00e4ev<\/p>\n\n\n\n<p style=\"margin-top:16px\">Lisaks v\u00f5imalus tellida toitlustamist<\/p>\n\n\n\n<p style=\"margin-top:16px\">Toitude hinnad s\u00f5ltuvad men\u00fc\u00fcst. V\u00f5ta meiega \u00fchendust ja me koostame teile sobiva men\u00fc\u00fc ja hinnapakkumise.<\/p>\n<\/div>\n\n\n\n<div class=\"wp-block-columns is-layout-flex wp-container-core-columns-is-layout-28f84493 wp-block-columns-is-layout-flex\">\n<div class=\"wp-block-column is-layout-flow wp-block-column-is-layout-flow\">\n<figure class=\"wp-block-image size-large is-resized\"><img loading=\"lazy\" decoding=\"async\" width=\"1024\" height=\"683\" src=\"https:\/\/kildu.ee\/kulalistemaja\/wp-content\/uploads\/2024\/10\/image-asset-1024x683.jpeg\" alt=\"\" class=\"wp-image-136\" style=\"width:367px;height:auto\" srcset=\"https:\/\/kildu.ee\/kulalistemaja\/wp-content\/uploads\/2024\/10\/image-asset-1024x683.jpeg 1024w, https:\/\/kildu.ee\/kulalistemaja\/wp-content\/uploads\/2024\/10\/image-asset-300x200.jpeg 300w, https:\/\/kildu.ee\/kulalistemaja\/wp-content\/uploads\/2024\/10\/image-asset-768x512.jpeg 768w, https:\/\/kildu.ee\/kulalistemaja\/wp-content\/uploads\/2024\/10\/image-asset-1536x1024.jpeg 1536w, https:\/\/kildu.ee\/kulalistemaja\/wp-content\/uploads\/2024\/10\/image-asset-2048x1366.jpeg 2048w\" sizes=\"auto, (max-width: 1024px) 100vw, 1024px\" \/><\/figure>\n<\/div>\n<\/div>\n<\/div>\n<\/div>\n","protected":false},"excerpt":{"rendered":"<p>Telkimine sisaldab telkimiskohta, l\u00f5kke tegemise v\u00f5imalust ning pesemisv\u00f5imalust ratsakeskuse riietusruumides. Telkimine \u2013 1 inimene 7 eurot \u00f6\u00f6p\u00e4ev Lisaks v\u00f5imalus tellida toitlustamist Toitude hinnad s\u00f5ltuvad men\u00fc\u00fcst. V\u00f5ta meiega \u00fchendust ja me koostame teile sobiva men\u00fc\u00fc ja hinnapakkumise.<\/p>\n","protected":false},"author":1,"featured_media":0,"parent":0,"menu_order":0,"comment_status":"closed","ping_status":"closed","template":"no-title","meta":{"_monsterinsights_skip_tracking":false,"_monsterinsights_sitenote_active":false,"_monsterinsights_sitenote_note":"","_monsterinsights_sitenote_category":0,"ngg_post_thumbnail":0,"footnotes":""},"class_list":["post-14","page","type-page","status-publish","hentry"],"aioseo_notices":[],"_links":{"self":[{"href":"https:\/\/kildu.ee\/kulalistemaja\/wp-json\/wp\/v2\/pages\/14","targetHints":{"allow":["GET"]}}],"collection":[{"href":"https:\/\/kildu.ee\/kulalistemaja\/wp-json\/wp\/v2\/pages"}],"about":[{"href":"https:\/\/kildu.ee\/kulalistemaja\/wp-json\/wp\/v2\/types\/page"}],"author":[{"embeddable":true,"href":"https:\/\/kildu.ee\/kulalistemaja\/wp-json\/wp\/v2\/users\/1"}],"replies":[{"embeddable":true,"href":"https:\/\/kildu.ee\/kulalistemaja\/wp-json\/wp\/v2\/comments?post=14"}],"version-history":[{"count":5,"href":"https:\/\/kildu.ee\/kulalistemaja\/wp-json\/wp\/v2\/pages\/14\/revisions"}],"predecessor-version":[{"id":137,"href":"https:\/\/kildu.ee\/kulalistemaja\/wp-json\/wp\/v2\/pages\/14\/revisions\/137"}],"wp:attachment":[{"href":"https:\/\/kildu.ee\/kulalistemaja\/wp-json\/wp\/v2\/media?parent=14"}],"curies":[{"name":"wp","href":"https:\/\/api.w.org\/{rel}","templated":true}]}}