{"id":15,"date":"2024-09-28T09:28:40","date_gmt":"2024-09-28T09:28:40","guid":{"rendered":"https:\/\/kildu.ee\/kulalistemaja\/soovitused\/"},"modified":"2024-10-11T17:05:52","modified_gmt":"2024-10-11T17:05:52","slug":"seminarid","status":"publish","type":"page","link":"https:\/\/kildu.ee\/kulalistemaja\/seminarid\/","title":{"rendered":"Seminarid"},"content":{"rendered":"\n<div class=\"wp-block-group alignfull has-background-background-color has-background has-global-padding is-layout-constrained wp-block-group-is-layout-constrained\" style=\"margin-top:0;margin-bottom:0;padding-top:0;padding-bottom:0\">\n<div class=\"wp-block-cover alignfull\" style=\"padding-top:0;padding-right:var(--wp--preset--spacing--30);padding-bottom:0;padding-left:var(--wp--preset--spacing--30);min-height:50px;aspect-ratio:unset;\"><span aria-hidden=\"true\" class=\"wp-block-cover__background has-black-background-color has-background-dim-60 has-background-dim\"><\/span><img loading=\"lazy\" decoding=\"async\" width=\"1728\" height=\"1296\" class=\"wp-block-cover__image-background wp-image-127\" alt=\"\" src=\"https:\/\/kildu.ee\/kulalistemaja\/wp-content\/uploads\/2024\/10\/5b153d35-2da3-497e-b3b4-b4726477a984.jpg\" style=\"object-position:45% 38%\" data-object-fit=\"cover\" data-object-position=\"45% 38%\" srcset=\"https:\/\/kildu.ee\/kulalistemaja\/wp-content\/uploads\/2024\/10\/5b153d35-2da3-497e-b3b4-b4726477a984.jpg 1728w, https:\/\/kildu.ee\/kulalistemaja\/wp-content\/uploads\/2024\/10\/5b153d35-2da3-497e-b3b4-b4726477a984-300x225.jpg 300w, https:\/\/kildu.ee\/kulalistemaja\/wp-content\/uploads\/2024\/10\/5b153d35-2da3-497e-b3b4-b4726477a984-1024x768.jpg 1024w, https:\/\/kildu.ee\/kulalistemaja\/wp-content\/uploads\/2024\/10\/5b153d35-2da3-497e-b3b4-b4726477a984-768x576.jpg 768w, https:\/\/kildu.ee\/kulalistemaja\/wp-content\/uploads\/2024\/10\/5b153d35-2da3-497e-b3b4-b4726477a984-1536x1152.jpg 1536w\" sizes=\"auto, (max-width: 1728px) 100vw, 1728px\" \/><div class=\"wp-block-cover__inner-container is-layout-flow wp-block-cover-is-layout-flow\">\n<div class=\"wp-block-group has-global-padding is-layout-constrained wp-block-group-is-layout-constrained\" style=\"padding-top:var(--wp--preset--spacing--60);padding-bottom:var(--wp--preset--spacing--60)\">\n<h1 class=\"wp-block-heading alignwide has-text-align-left has-text-color has-x-large-font-size\" style=\"color:#fffffffc\">Seminarid<\/h1>\n<\/div>\n<\/div><\/div>\n<\/div>\n\n\n\n<div class=\"wp-block-group alignfull has-background-background-color has-background has-global-padding is-layout-constrained wp-container-core-group-is-layout-7276a2bb wp-block-group-is-layout-constrained\" style=\"margin-top:0;margin-bottom:0;padding-top:var(--wp--preset--spacing--60);padding-right:var(--wp--preset--spacing--30);padding-bottom:var(--wp--preset--spacing--60);padding-left:var(--wp--preset--spacing--30)\">\n<div class=\"wp-block-group alignwide has-tertiary-background-color has-background is-content-justification-space-between is-layout-flex wp-container-core-group-is-layout-4be20cc5 wp-block-group-is-layout-flex\" style=\"padding-top:var(--wp--preset--spacing--50);padding-right:var(--wp--preset--spacing--50);padding-bottom:var(--wp--preset--spacing--50);padding-left:var(--wp--preset--spacing--50)\">\n<div class=\"wp-block-group has-global-padding is-layout-constrained wp-block-group-is-layout-constrained\">\n<h2 class=\"wp-block-heading has-large-font-size\">Seminariteenus Kildu k\u00fclalistemajas<\/h2>\n\n\n\n<p style=\"margin-top:16px\">Kildu k\u00fclalistemaja pakub seminaride korraldamiseks kolme saali:<\/p>\n\n\n\n<p>Aula, 140 ruutmeetrit, teatristiilis 150 inimest, klassistiilis 40 inimest, koosolekustiilis 80 inimest, U-kujuline lauapaigutus 50 inimest<\/p>\n\n\n\n<p>V\u00e4ike saal, 60 ruutmeetrit, teatristiilis 40 inimest, klassistiilis 20 inimest, koosolekustiilis 40 inimest, U-kujuline lauapaigutus 40 inimest<\/p>\n\n\n\n<p>Kaminasaal, 26 ruutmeetrit, teatristiilis 20 inimest, klassistiilis 10 inimest, U-kujuline lauapaigutus 15 inimest<\/p>\n\n\n\n<p>Seminariruumid on valgusk\u00fcllased ja varustatud elementaarse esitlustehnikaga \u2013 projektor, ekraan, pabertahvel, wifi ja helitehnika. Saalid v\u00f5imaldavad pidada erinevas stiilis koosolekuid, viia l\u00e4bi r\u00fchmat\u00f6id ning koolitusi.<br>Kildu k\u00fclalistemaja asub Viljandimaal P\u00f5hja-Sakala vallas Kildu k\u00fclas looduskaunis paigas Soomaa servas. Ja mis seminaride ja m\u00f5ttet\u00f6\u00f6 puhul eriti oluline \u2013 eemal linnak\u00e4rast.<\/p>\n<\/div>\n\n\n\n<div class=\"wp-block-columns is-layout-flex wp-container-core-columns-is-layout-28f84493 wp-block-columns-is-layout-flex\">\n<div class=\"wp-block-column is-layout-flow wp-block-column-is-layout-flow\">\n<div data-schema-only=\"false\" class=\"wp-block-aioseo-faq\"><h4 class=\"aioseo-faq-block-question\">V\u00f5ta meiega \u00fchendust<br>ning koostame sulle<br>sobiva pakkumise.<\/h4><div class=\"aioseo-faq-block-answer\">\n<p>telefon: +372 5822 5650<\/p>\n\n\n\n<p>e-post:&nbsp;<a href=\"mailto:kildu@kildu.ee\">kildu@kildu.ee<\/a><\/p>\n\n\n\n<p>Kildu k\u00fclalistemaja \u2013 k\u00fclaliste kodu!<\/p>\n<\/div><\/div>\n<\/div>\n<\/div>\n<\/div>\n<\/div>\n","protected":false},"excerpt":{"rendered":"<p>Seminariteenus Kildu k\u00fclalistemajas Kildu k\u00fclalistemaja pakub seminaride korraldamiseks kolme saali: Aula, 140 ruutmeetrit, teatristiilis 150 inimest, klassistiilis 40 inimest, koosolekustiilis 80 inimest, U-kujuline lauapaigutus 50 inimest V\u00e4ike saal, 60 ruutmeetrit, teatristiilis 40 inimest, klassistiilis 20 inimest, koosolekustiilis 40 inimest, U-kujuline lauapaigutus 40 inimest Kaminasaal, 26 ruutmeetrit, teatristiilis 20 inimest, klassistiilis 10 inimest, U-kujuline lauapaigutus 15 [&hellip;]<\/p>\n","protected":false},"author":1,"featured_media":0,"parent":0,"menu_order":0,"comment_status":"closed","ping_status":"closed","template":"no-title","meta":{"_monsterinsights_skip_tracking":false,"_monsterinsights_sitenote_active":false,"_monsterinsights_sitenote_note":"","_monsterinsights_sitenote_category":0,"ngg_post_thumbnail":0,"footnotes":""},"class_list":["post-15","page","type-page","status-publish","hentry"],"aioseo_notices":[],"_links":{"self":[{"href":"https:\/\/kildu.ee\/kulalistemaja\/wp-json\/wp\/v2\/pages\/15","targetHints":{"allow":["GET"]}}],"collection":[{"href":"https:\/\/kildu.ee\/kulalistemaja\/wp-json\/wp\/v2\/pages"}],"about":[{"href":"https:\/\/kildu.ee\/kulalistemaja\/wp-json\/wp\/v2\/types\/page"}],"author":[{"embeddable":true,"href":"https:\/\/kildu.ee\/kulalistemaja\/wp-json\/wp\/v2\/users\/1"}],"replies":[{"embeddable":true,"href":"https:\/\/kildu.ee\/kulalistemaja\/wp-json\/wp\/v2\/comments?post=15"}],"version-history":[{"count":10,"href":"https:\/\/kildu.ee\/kulalistemaja\/wp-json\/wp\/v2\/pages\/15\/revisions"}],"predecessor-version":[{"id":376,"href":"https:\/\/kildu.ee\/kulalistemaja\/wp-json\/wp\/v2\/pages\/15\/revisions\/376"}],"wp:attachment":[{"href":"https:\/\/kildu.ee\/kulalistemaja\/wp-json\/wp\/v2\/media?parent=15"}],"curies":[{"name":"wp","href":"https:\/\/api.w.org\/{rel}","templated":true}]}}