{"id":16,"date":"2024-09-28T09:28:40","date_gmt":"2024-09-28T09:28:40","guid":{"rendered":"https:\/\/kildu.ee\/kulalistemaja\/eripakkumised\/"},"modified":"2025-10-22T11:32:04","modified_gmt":"2025-10-22T11:32:04","slug":"toitlustamine","status":"publish","type":"page","link":"https:\/\/kildu.ee\/kulalistemaja\/toitlustamine\/","title":{"rendered":"Toitlustamine"},"content":{"rendered":"\n<div class=\"wp-block-group alignfull has-background-background-color has-background has-global-padding is-layout-constrained wp-block-group-is-layout-constrained\" style=\"margin-top:0;margin-bottom:0;padding-top:0;padding-bottom:0\">\n<div class=\"wp-block-cover alignfull\" style=\"padding-top:0;padding-right:var(--wp--preset--spacing--30);padding-bottom:0;padding-left:var(--wp--preset--spacing--30);min-height:50px;aspect-ratio:unset;\"><img loading=\"lazy\" decoding=\"async\" width=\"1632\" height=\"752\" class=\"wp-block-cover__image-background wp-image-121\" alt=\"\" src=\"https:\/\/kildu.ee\/kulalistemaja\/wp-content\/uploads\/2024\/10\/7e8b29f0-dcae-40bd-85e4-1898d52aad32.jpg\" data-object-fit=\"cover\" srcset=\"https:\/\/kildu.ee\/kulalistemaja\/wp-content\/uploads\/2024\/10\/7e8b29f0-dcae-40bd-85e4-1898d52aad32.jpg 1632w, https:\/\/kildu.ee\/kulalistemaja\/wp-content\/uploads\/2024\/10\/7e8b29f0-dcae-40bd-85e4-1898d52aad32-300x138.jpg 300w, https:\/\/kildu.ee\/kulalistemaja\/wp-content\/uploads\/2024\/10\/7e8b29f0-dcae-40bd-85e4-1898d52aad32-1024x472.jpg 1024w, https:\/\/kildu.ee\/kulalistemaja\/wp-content\/uploads\/2024\/10\/7e8b29f0-dcae-40bd-85e4-1898d52aad32-768x354.jpg 768w, https:\/\/kildu.ee\/kulalistemaja\/wp-content\/uploads\/2024\/10\/7e8b29f0-dcae-40bd-85e4-1898d52aad32-1536x708.jpg 1536w\" sizes=\"auto, (max-width: 1632px) 100vw, 1632px\" \/><span aria-hidden=\"true\" class=\"wp-block-cover__background has-black-background-color has-background-dim-60 has-background-dim\"><\/span><div class=\"wp-block-cover__inner-container is-layout-flow wp-block-cover-is-layout-flow\">\n<div class=\"wp-block-group has-global-padding is-layout-constrained wp-block-group-is-layout-constrained\" style=\"padding-top:var(--wp--preset--spacing--60);padding-bottom:var(--wp--preset--spacing--60)\">\n<h1 class=\"wp-block-heading alignwide has-text-align-left has-text-color has-x-large-font-size\" style=\"color:#fffffffc\">Toitlustamine<\/h1>\n<\/div>\n<\/div><\/div>\n<\/div>\n\n\n\n<div class=\"wp-block-group alignfull has-tertiary-background-color has-background has-global-padding is-layout-constrained wp-block-group-is-layout-constrained\" id=\"kontakt\" style=\"margin-top:0;margin-bottom:0;padding-top:var(--wp--preset--spacing--60);padding-bottom:var(--wp--preset--spacing--60)\">\n<p class=\"has-text-align-center\">Kildu k\u00fclalistemaja pakub toitlustust nii kohapeal kui ka cateringina v\u00e4ljaspool k\u00fclalistemaja. K\u00fclalistemaja kolm saali mahutavad 15-100 inimest.<\/p>\n\n\n\n<p class=\"has-text-align-center\"><strong>Korraldame peo- v\u00f5i peielaudu kuni 100 inimesele.&nbsp;<\/strong><\/p>\n\n\n\n<p class=\"has-text-align-center\">V\u00e4ike saal mahutab kuni 40 inimest. Suur saal kuni 100 inimest.<\/p>\n\n\n\n<p class=\"has-text-align-center\">Samuti pakume seminaride korraldamise v\u00f5imalust kuni 100 inimesele.<\/p>\n\n\n\n<p class=\"has-text-align-center\">Kohvipaus alates 7 \u20ac inimene. Kohvilaud sisaldab kohvi, teed, vett ja suupistet.<\/p>\n\n\n\n<div class=\"wp-block-group alignfull has-global-padding is-layout-constrained wp-block-group-is-layout-constrained\">\n<div class=\"wp-block-columns alignwide is-layout-flex wp-container-core-columns-is-layout-f415f12b wp-block-columns-is-layout-flex\" style=\"margin-top:48px\">\n<div class=\"wp-block-column has-tertiary-background-color has-background is-layout-flow wp-container-core-column-is-layout-47e5a185 wp-block-column-is-layout-flow\">\n<div class=\"wp-block-group is-layout-flow wp-container-core-group-is-layout-491aba35 wp-block-group-is-layout-flow\" style=\"margin-top:0;padding-top:var(--wp--preset--spacing--30);padding-right:var(--wp--preset--spacing--30);padding-bottom:var(--wp--preset--spacing--30);padding-left:var(--wp--preset--spacing--30)\">\n<p><strong>Tervituslaud I&nbsp; &nbsp; &nbsp;5.00\u20ac<\/strong><\/p>\n\n\n\n<p>Mahe j\u00f5ulugl\u00f6ggi<\/p>\n\n\n\n<p>Kildu kokkade valmistatud piparkoogid<\/p>\n\n\n\n<p><\/p>\n\n\n\n<p><strong>Tervituslaud II&nbsp; &nbsp;5.00\u20ac&nbsp;<\/strong><\/p>\n\n\n\n<p>Vahuvein T\u00f6rley<\/p>\n\n\n\n<p>Puuviljad<\/p>\n\n\n\n<p><\/p>\n\n\n\n<p><strong>Tervituslaud III&nbsp; &nbsp;6.50\u20ac&nbsp;<\/strong><\/p>\n\n\n\n<p>Vahuvein T\u00f6rley<\/p>\n\n\n\n<p>K\u00e4sit\u00f6\u00f6 \u0161okolaaditr\u00fchvlid<\/p>\n\n\n\n<p>Puuviljad<\/p>\n\n\n\n<p><\/p>\n\n\n\n<p><strong>Supid ja puder<\/strong><\/p>\n\n\n\n<p>Puljong ja kodune lihapirukas 4.50\u20ac<\/p>\n\n\n\n<p>Seljanka 400g 5.40\u20ac<\/p>\n\n\n\n<p>Rassolnik 400g 4.90\u20ac<\/p>\n\n\n\n<p>Hernesupp 400 g 4.90\u20ac<\/p>\n\n\n\n<p>Kana- aedviljasupp 400 g 4.90\u20ac<\/p>\n\n\n\n<p>Frikadellisupp 400 g 4.90\u20ac<\/p>\n\n\n\n<p>Koorene l\u00f5hesupp 7.90\u20ac<\/p>\n\n\n\n<p>Mulgipuder k\u00f5rnetega 300g 5.90\u20ac<\/p>\n\n\n\n<p><\/p>\n\n\n\n<p><strong>Praed<\/strong><\/p>\n\n\n\n<p>Ahjuliha 10.50\u20ac<\/p>\n\n\n\n<p>Sealiha\u0161nitsel&nbsp; 10.90\u20ac<\/p>\n\n\n\n<p>Sealiha\u0161nitsel ananassi ja juustuga 11.60\u20ac<\/p>\n\n\n\n<p>Sealiharull peekoniga 11.60\u20ac<\/p>\n\n\n\n<p>Veiseliharull porgandi ja musta ploomiga 14.50\u20ac<\/p>\n\n\n\n<p>Kana\u0161nitsel 9.90\u20ac<\/p>\n\n\n\n<p>Kanalihavarras 9.90\u20ac<\/p>\n\n\n\n<p>Kanaliharull peekoniga 10.70\u20ac<\/p>\n\n\n\n<p>Kana poolkoivad 9.40\u20ac<\/p>\n\n\n\n<p>Hakkkotlet 9.40\u20ac<\/p>\n\n\n\n<p>Kapsarull 9.40\u20ac<\/p>\n\n\n\n<p>Valge kala 10.00\u20ac<\/p>\n\n\n\n<p>L\u00f5hefilee 15.40\u20ac<\/p>\n\n\n\n<p><strong>P\u00fchade eri! Ahjuliha, verivorst, keedukartul, hapukapsas, pohlamoos, k\u00f5rvitsasalat, soe koorekaste 17.00\u20ac<\/strong><\/p>\n\n\n\n<p>*prae hinna sees on igast loetelust 1 valik:<\/p>\n\n\n\n<ul class=\"wp-block-list\">\n<li>Keedukartul, ahjukartul, friikartul (lisandub 1.50\u20ac inimese kohta), kartulip\u00fcree (lisandub 1\u20ac inimese kohta), mundrikartul (lisandub 1.50\u20ac inimese kohta), aurutatud riis, tatar, pasta<\/li>\n\n\n\n<li>Toorsalat, hapukapsas, aurutatud k\u00f6\u00f6giviljad<\/li>\n\n\n\n<li>Koorekaste, lihaleem, k\u00fclm kaste<\/li>\n<\/ul>\n<\/div>\n<\/div>\n\n\n\n<div class=\"wp-block-column has-tertiary-background-color has-background is-layout-flow wp-container-core-column-is-layout-47e5a185 wp-block-column-is-layout-flow\">\n<div class=\"wp-block-group is-layout-flow wp-container-core-group-is-layout-491aba35 wp-block-group-is-layout-flow\" style=\"margin-top:0;padding-top:var(--wp--preset--spacing--30);padding-right:var(--wp--preset--spacing--30);padding-bottom:var(--wp--preset--spacing--30);padding-left:var(--wp--preset--spacing--30)\">\n<p><strong>K\u00fclm laud<\/strong><\/p>\n\n\n\n<p>Kartulisalat 100g 1.90\u20ac<\/p>\n\n\n\n<p>Rosolje 100g 1.90\u20ac<\/p>\n\n\n\n<p>Metsaseenesalat 100g 2.40\u20ac<\/p>\n\n\n\n<p>Punase oa salat 100g 2.20\u20ac<\/p>\n\n\n\n<p>T\u00e4idetud munad kalamarjaga 2 tk 1.90\u20ac<\/p>\n\n\n\n<p>Singirullid 2 tk 1.90\u20ac<\/p>\n\n\n\n<p>Heeringas hapukoore ja sibulaga 60g 2.10\u20ac<\/p>\n\n\n\n<p>Marineeritud kurgid 50g 1.10\u20ac<\/p>\n\n\n\n<p>Liha marinaadis 50g 1.90\u20ac<\/p>\n\n\n\n<p>Kala marinaadis 50g 2.30\u20ac<\/p>\n\n\n\n<p>Soolal\u00f5he r\u00f6stsaial 30g 2.50\u20ac<\/p>\n\n\n\n<p>Hakklihapallid k\u00fclma kastmega 80g 2.00\u20ac<\/p>\n\n\n\n<p>Kanamaksa pasteet pirni-\u00f5unamoosiga, r\u00f6stsai 30g 2.30\u20ac<\/p>\n\n\n\n<p>Sealiha ahjus musta leiva ja sibulamoomiga 40g 2.40\u20ac<\/p>\n\n\n\n<p>Veise sisefilee musta leiva ja sibulamoosiga 40g 3.40\u20ac<\/p>\n\n\n\n<p>Kanalihal\u00f5igud, sealihal\u00f5igud, veiselihal\u00f5igud r\u00f6stitud leivaga 70g 3.60\u20ac<\/p>\n\n\n\n<p>Seakeel m\u00e4dar\u00f5ikakastmega 50g 2.30\u20ac<\/p>\n\n\n\n<p><\/p>\n\n\n\n<p><strong>K\u00fclm laud ampsudena<\/strong><\/p>\n\n\n\n<p>Metsaseenesalat korvikeses 40g 2.00\u20ac<\/p>\n\n\n\n<p>Suitsukana toorjuustuvaht korvikeses 40g 1.80\u20ac<\/p>\n\n\n\n<p>Suitsukala, riisi ja v\u00e4rskekurgisalat korvikeses 40g 1.90\u20ac<\/p>\n\n\n\n<p>Lava\u0161irull singiga 60g 1.80\u20ac<\/p>\n\n\n\n<p>Lava\u0161irull l\u00f5hega 60g 2.30\u20ac<\/p>\n\n\n\n<p>Pannkoogirull hakklihaga 80g 2.00\u20ac<\/p>\n\n\n\n<p>Kanamaksapasteet pirni-\u00f5unamoosiga tuuletaskutes 40g 2.50\u20ac<\/p>\n\n\n\n<p>Heeringa, sibula ja keedukartuli amps  pitsis 40g 1.90\u20ac<\/p>\n\n\n\n<p>S\u00fclt pitsis m\u00e4dar\u00f5ikakreemiga 40g 2.00\u20ac<\/p>\n\n\n\n<p>Lahtine pirukas (quiche) l\u00f5he ja brokkoliga 40g 2.10\u20ac<\/p>\n\n\n\n<p>Lahtine pirukas (quiche) seente ja soolapeekoniga 40g 1.90\u20ac<\/p>\n\n\n\n<p>\u0160ampinjonid t\u00e4idetud sinihallijuustuga 30g 1.90\u20ac<\/p>\n\n\n\n<p><\/p>\n<\/div>\n<\/div>\n\n\n\n<div class=\"wp-block-column has-tertiary-background-color has-background is-layout-flow wp-container-core-column-is-layout-47e5a185 wp-block-column-is-layout-flow\">\n<div class=\"wp-block-group is-layout-flow wp-container-core-group-is-layout-491aba35 wp-block-group-is-layout-flow\" style=\"margin-top:0;padding-top:var(--wp--preset--spacing--30);padding-right:var(--wp--preset--spacing--30);padding-bottom:var(--wp--preset--spacing--30);padding-left:var(--wp--preset--spacing--30)\">\n<p><strong>Magustoidud<\/strong><\/p>\n\n\n\n<p>Pavlova mascarpone kreemi ja marjadega&nbsp; 5.00\u20ac<\/p>\n\n\n\n<p>Britta kook 150g 4.60\u20ac<\/p>\n\n\n\n<p>Kohupiimakook 150g 4.40\u20ac<\/p>\n\n\n\n<p>Muffin vahukoore ja toorjuustuga 100g 3.50\u20ac<\/p>\n\n\n\n<p>Vanaema \u00f5unakook 150g 3.50\u20ac<\/p>\n\n\n\n<p>Tort 150g 4.00\u20ac<\/p>\n\n\n\n<p>Kringel 130g 2.50\u20ac<\/p>\n\n\n\n<p>J\u00e4\u00e4tis moosiga 150g 4.00\u20ac<\/p>\n\n\n\n<p>Kamavaht 150g 4.00\u20ac<\/p>\n\n\n\n<ul class=\"wp-block-list\">\n<li>Alates 15 inimest arvestatakse koogide ja tordide koguseid ja hindu kaalu j\u00e4rgi<\/li>\n<\/ul>\n\n\n\n<ul class=\"wp-block-list\">\n<li><a data-type=\"link\" data-id=\"https:\/\/kildu.ee\/kondiiter\/\" href=\"https:\/\/kildu.ee\/kondiiter\/\">Rohkem torte ja kooke Kildu k\u00fclalistemaja kondiitri- ja pagari\u00e4ri lehel<\/a><\/li>\n<\/ul>\n\n\n\n<p><strong>Joogid<\/strong><\/p>\n\n\n\n<p>Kohv\/tee 1 tass&nbsp;2.50\u20ac<\/p>\n\n\n\n<p>Maitsevesi 0.30\u20ac<\/p>\n\n\n\n<p>Morss naturaalsest mahlast 1.50\u20ac<\/p>\n\n\n\n<p><strong>Alkoholi kaasatoomise tasu 4 eurot inimese kohta<\/strong><\/p>\n<\/div>\n<\/div>\n<\/div>\n\n\n\n<p><strong>V\u00f5ta meiega \u00fchendust ja me koostame teile sobiva men\u00fc\u00fc ja hinnapakkumise.<\/strong><\/p>\n<\/div>\n<\/div>\n\n\n\n<div class=\"wp-block-group alignfull has-global-padding is-layout-constrained wp-block-group-is-layout-constrained\">\n<div class=\"wp-block-group is-layout-flow wp-container-core-group-is-layout-47e5a185 wp-block-group-is-layout-flow\">\n<h2 class=\"wp-block-heading has-text-align-center has-huge-font-size\" style=\"margin-bottom:1rem\">Peielaua pakkumised<\/h2>\n\n\n\n<p class=\"has-text-align-center\">Kildu ratsakeskus-k\u00fclalistemaja peielaua pakkumised<\/p>\n<\/div>\n\n\n\n<div class=\"wp-block-columns alignwide is-layout-flex wp-container-core-columns-is-layout-f415f12b wp-block-columns-is-layout-flex\" style=\"margin-top:48px\">\n<div class=\"wp-block-column has-tertiary-background-color has-background is-layout-flow wp-container-core-column-is-layout-47e5a185 wp-block-column-is-layout-flow\">\n<div class=\"wp-block-group is-layout-flow wp-container-core-group-is-layout-491aba35 wp-block-group-is-layout-flow\" style=\"margin-top:0;padding-top:var(--wp--preset--spacing--30);padding-right:var(--wp--preset--spacing--30);padding-bottom:var(--wp--preset--spacing--30);padding-left:var(--wp--preset--spacing--30)\">\n<h5 class=\"wp-block-heading\" style=\"font-size:clamp(16.293px, 1.018rem + ((1vw - 3.2px) * 0.907), 25px);font-style:normal;font-weight:700;text-transform:capitalize\"><em><strong>I valik \u2013 16 eurot inimene<\/strong><\/em><\/h5>\n\n\n\n<p>Ahjuliha v\u00f5i kanafilee<br>Keedukartul<br>Hapukapsas v\u00f5i toorsalat<br>Soe koorekaste<br>Morss\/vesi<br>Leib ja sai<br>Kringel<br>Kohv\/tee<\/p>\n<\/div>\n<\/div>\n\n\n\n<div class=\"wp-block-column has-tertiary-background-color has-background is-layout-flow wp-container-core-column-is-layout-47e5a185 wp-block-column-is-layout-flow\">\n<div class=\"wp-block-group is-layout-flow wp-container-core-group-is-layout-491aba35 wp-block-group-is-layout-flow\" style=\"margin-top:0;padding-top:var(--wp--preset--spacing--30);padding-right:var(--wp--preset--spacing--30);padding-bottom:var(--wp--preset--spacing--30);padding-left:var(--wp--preset--spacing--30)\">\n<h5 class=\"wp-block-heading\" style=\"font-size:clamp(16.293px, 1.018rem + ((1vw - 3.2px) * 0.907), 25px);font-style:normal;font-weight:700;text-transform:capitalize\"><em><strong>II valik \u2013 19 eurot inimene<\/strong><\/em><\/h5>\n\n\n\n<p>Puljong ja lihapirukas<br>Ahjuliha v\u00f5i kanafilee<br>Keedukartul<br>Hapukapsas v\u00f5i toorsalat<br>Soe koorekaste<br>Morss\/vesi<br>Leib ja sai<br>Kringel<br>Kohv\/tee<\/p>\n<\/div>\n<\/div>\n\n\n\n<div class=\"wp-block-column has-tertiary-background-color has-background is-layout-flow wp-container-core-column-is-layout-47e5a185 wp-block-column-is-layout-flow\">\n<div class=\"wp-block-group is-layout-flow wp-container-core-group-is-layout-491aba35 wp-block-group-is-layout-flow\" style=\"margin-top:0;padding-top:var(--wp--preset--spacing--30);padding-right:var(--wp--preset--spacing--30);padding-bottom:var(--wp--preset--spacing--30);padding-left:var(--wp--preset--spacing--30)\">\n<h5 class=\"wp-block-heading\" style=\"font-size:clamp(16.293px, 1.018rem + ((1vw - 3.2px) * 0.907), 25px);font-style:normal;font-weight:700;text-transform:capitalize\"><em><strong>III valik \u2013 26 eurot inimene<\/strong><\/em><\/h5>\n\n\n\n<p>Puljong ja lihapirukas<br>Ahjuliha v\u00f5i \u0161nitsel v\u00f5i kanafilee<br>Keedukartul v\u00f5i ahjukartul<br>Hapukapsas v\u00f5i toorsalat<br>Soe koorekaste<br>Kartulisalat v\u00f5i rosolje<br>Heeringas hapukoore ja sibulaga<br>T\u00e4idetud munad<br>Marineeritud kurk<br>Singirullid juustu ja k\u00fc\u00fcslauguga<br>Morss\/vesi<br>Leib ja sai<br>Kringel<br>Kohv\/tee<\/p>\n<\/div>\n<\/div>\n<\/div>\n\n\n\n<p class=\"has-text-align-center\">0,5 liitrit valget viina (Ukrainka) 20 eurot pudel<\/p>\n\n\n\n<p class=\"has-text-align-center\">Peielaua puhul on saalirent paketi hinna sees.<\/p>\n<\/div>\n\n\n\n<p class=\"has-text-align-center\"><em>Lisainfo ja tellimine:<\/em><\/p>\n\n\n\n<p class=\"has-text-align-center\">5822 5650<\/p>\n\n\n\n<p class=\"has-text-align-center\">andrei@kildu.ee<\/p>\n\n\n\n<p><\/p>\n\n\n\n<p><\/p>\n\n\n\n<div class=\"wp-block-media-text alignwide is-stacked-on-mobile is-vertically-aligned-center\"><figure class=\"wp-block-media-text__media\"><img loading=\"lazy\" decoding=\"async\" width=\"1024\" height=\"472\" src=\"https:\/\/kildu.ee\/kulalistemaja\/wp-content\/uploads\/2024\/10\/5d4db986-c49e-499f-befa-ffeb79c9ea0e-1024x472.jpg\" alt=\"\" class=\"wp-image-118 size-full\" srcset=\"https:\/\/kildu.ee\/kulalistemaja\/wp-content\/uploads\/2024\/10\/5d4db986-c49e-499f-befa-ffeb79c9ea0e-1024x472.jpg 1024w, https:\/\/kildu.ee\/kulalistemaja\/wp-content\/uploads\/2024\/10\/5d4db986-c49e-499f-befa-ffeb79c9ea0e-300x138.jpg 300w, https:\/\/kildu.ee\/kulalistemaja\/wp-content\/uploads\/2024\/10\/5d4db986-c49e-499f-befa-ffeb79c9ea0e-768x354.jpg 768w, https:\/\/kildu.ee\/kulalistemaja\/wp-content\/uploads\/2024\/10\/5d4db986-c49e-499f-befa-ffeb79c9ea0e-1536x708.jpg 1536w, https:\/\/kildu.ee\/kulalistemaja\/wp-content\/uploads\/2024\/10\/5d4db986-c49e-499f-befa-ffeb79c9ea0e.jpg 2000w\" sizes=\"auto, (max-width: 1024px) 100vw, 1024px\" \/><\/figure><div class=\"wp-block-media-text__content\">\n<div class=\"wp-block-group has-global-padding is-layout-constrained wp-block-group-is-layout-constrained\">\n<p><strong>Catering<\/strong><\/p>\n\n\n\n<p>Pakume catering teenust k\u00f5ikv\u00f5imalikel teie poolt korraldatud \u00fcritustel \u2013 vastuv\u00f5ttudel, seminaridel, matkadel, suvep\u00e4evadel, laagrites, laatadel jne.<\/p>\n\n\n\n<p>Toitude hinnad s\u00f5ltuvad men\u00fc\u00fcst. V\u00f5ta meiega \u00fchendust ja me koostame teile sobiva men\u00fc\u00fc ja hinnapakkumise.<\/p>\n<\/div>\n<\/div><\/div>\n","protected":false},"excerpt":{"rendered":"<p>Kildu k\u00fclalistemaja pakub toitlustust nii kohapeal kui ka cateringina v\u00e4ljaspool k\u00fclalistemaja. K\u00fclalistemaja kolm saali mahutavad 15-100 inimest. Korraldame peo- v\u00f5i peielaudu kuni 100 inimesele.&nbsp; V\u00e4ike saal mahutab kuni 40 inimest. Suur saal kuni 100 inimest. Samuti pakume seminaride korraldamise v\u00f5imalust kuni 100 inimesele. Kohvipaus alates 7 \u20ac inimene. Kohvilaud sisaldab kohvi, teed, vett ja suupistet. [&hellip;]<\/p>\n","protected":false},"author":1,"featured_media":0,"parent":0,"menu_order":0,"comment_status":"closed","ping_status":"closed","template":"no-title","meta":{"_monsterinsights_skip_tracking":false,"_monsterinsights_sitenote_active":false,"_monsterinsights_sitenote_note":"","_monsterinsights_sitenote_category":0,"ngg_post_thumbnail":0,"footnotes":""},"class_list":["post-16","page","type-page","status-publish","hentry"],"aioseo_notices":[],"_links":{"self":[{"href":"https:\/\/kildu.ee\/kulalistemaja\/wp-json\/wp\/v2\/pages\/16","targetHints":{"allow":["GET"]}}],"collection":[{"href":"https:\/\/kildu.ee\/kulalistemaja\/wp-json\/wp\/v2\/pages"}],"about":[{"href":"https:\/\/kildu.ee\/kulalistemaja\/wp-json\/wp\/v2\/types\/page"}],"author":[{"embeddable":true,"href":"https:\/\/kildu.ee\/kulalistemaja\/wp-json\/wp\/v2\/users\/1"}],"replies":[{"embeddable":true,"href":"https:\/\/kildu.ee\/kulalistemaja\/wp-json\/wp\/v2\/comments?post=16"}],"version-history":[{"count":17,"href":"https:\/\/kildu.ee\/kulalistemaja\/wp-json\/wp\/v2\/pages\/16\/revisions"}],"predecessor-version":[{"id":391,"href":"https:\/\/kildu.ee\/kulalistemaja\/wp-json\/wp\/v2\/pages\/16\/revisions\/391"}],"wp:attachment":[{"href":"https:\/\/kildu.ee\/kulalistemaja\/wp-json\/wp\/v2\/media?parent=16"}],"curies":[{"name":"wp","href":"https:\/\/api.w.org\/{rel}","templated":true}]}}