{"id":17,"date":"2024-09-28T09:28:40","date_gmt":"2024-09-28T09:28:40","guid":{"rendered":"https:\/\/kildu.ee\/kulalistemaja\/uritused\/"},"modified":"2024-10-11T15:40:44","modified_gmt":"2024-10-11T15:40:44","slug":"matkaauto","status":"publish","type":"page","link":"https:\/\/kildu.ee\/kulalistemaja\/matkaauto\/","title":{"rendered":"Matkaauto"},"content":{"rendered":"\n<div class=\"wp-block-group alignfull has-background-background-color has-background has-global-padding is-layout-constrained wp-block-group-is-layout-constrained\" style=\"margin-top:0;margin-bottom:0;padding-top:0;padding-bottom:0\">\n<div class=\"wp-block-cover alignfull\" style=\"padding-top:0;padding-right:var(--wp--preset--spacing--30);padding-bottom:0;padding-left:var(--wp--preset--spacing--30);min-height:50px;aspect-ratio:unset;\"><span aria-hidden=\"true\" class=\"wp-block-cover__background has-black-background-color has-background-dim-60 has-background-dim\"><\/span><img loading=\"lazy\" decoding=\"async\" width=\"1920\" height=\"575\" class=\"wp-block-cover__image-background wp-image-138\" alt=\"\" src=\"https:\/\/kildu.ee\/kulalistemaja\/wp-content\/uploads\/2024\/10\/Homepage-Hero-01.jpg\" style=\"object-position:32% 66%\" data-object-fit=\"cover\" data-object-position=\"32% 66%\" srcset=\"https:\/\/kildu.ee\/kulalistemaja\/wp-content\/uploads\/2024\/10\/Homepage-Hero-01.jpg 1920w, https:\/\/kildu.ee\/kulalistemaja\/wp-content\/uploads\/2024\/10\/Homepage-Hero-01-300x90.jpg 300w, https:\/\/kildu.ee\/kulalistemaja\/wp-content\/uploads\/2024\/10\/Homepage-Hero-01-1024x307.jpg 1024w, https:\/\/kildu.ee\/kulalistemaja\/wp-content\/uploads\/2024\/10\/Homepage-Hero-01-768x230.jpg 768w, https:\/\/kildu.ee\/kulalistemaja\/wp-content\/uploads\/2024\/10\/Homepage-Hero-01-1536x460.jpg 1536w\" sizes=\"auto, (max-width: 1920px) 100vw, 1920px\" \/><div class=\"wp-block-cover__inner-container is-layout-flow wp-block-cover-is-layout-flow\">\n<div class=\"wp-block-group has-global-padding is-layout-constrained wp-block-group-is-layout-constrained\" style=\"padding-top:var(--wp--preset--spacing--60);padding-bottom:var(--wp--preset--spacing--60)\">\n<h1 class=\"wp-block-heading alignwide has-text-align-left has-text-color has-x-large-font-size\" style=\"color:#fffffffc\">Matkaauto<\/h1>\n<\/div>\n<\/div><\/div>\n<\/div>\n\n\n\n<div class=\"wp-block-group alignfull has-tertiary-background-color has-background has-global-padding is-layout-constrained wp-container-core-group-is-layout-fb85e995 wp-block-group-is-layout-constrained\" style=\"margin-top:0;margin-bottom:0;padding-top:var(--wp--preset--spacing--60);padding-right:var(--wp--preset--spacing--30);padding-bottom:var(--wp--preset--spacing--60);padding-left:var(--wp--preset--spacing--30)\">\n<p class=\"has-text-align-center\" style=\"margin-top:16px\"><strong>Matkaauto parkimine sisaldab parkimiskohta, elektrit, vee v\u00f5tmise v\u00f5imalust ning reoveepaagi t\u00fchjendamise v\u00f5imalust.<\/strong><\/p>\n\n\n\n<p class=\"has-text-align-center\">Matkaauto parkimine \u2013 1 auto 20 eurot \u00f6\u00f6p\u00e4ev<\/p>\n\n\n\n<p class=\"has-text-align-center\">Lisaks v\u00f5imalus tellida toitlustamist<\/p>\n\n\n\n<p class=\"has-text-align-center\" style=\"margin-top:16px\">Toitude hinnad s\u00f5ltuvad men\u00fc\u00fcst. V\u00f5ta meiega \u00fchendust ja me koostame teile sobiva men\u00fc\u00fc ja hinnapakkumise.<\/p>\n<\/div>\n","protected":false},"excerpt":{"rendered":"<p>Matkaauto parkimine sisaldab parkimiskohta, elektrit, vee v\u00f5tmise v\u00f5imalust ning reoveepaagi t\u00fchjendamise v\u00f5imalust. Matkaauto parkimine \u2013 1 auto 20 eurot \u00f6\u00f6p\u00e4ev Lisaks v\u00f5imalus tellida toitlustamist Toitude hinnad s\u00f5ltuvad men\u00fc\u00fcst. V\u00f5ta meiega \u00fchendust ja me koostame teile sobiva men\u00fc\u00fc ja hinnapakkumise.<\/p>\n","protected":false},"author":1,"featured_media":0,"parent":0,"menu_order":0,"comment_status":"closed","ping_status":"closed","template":"no-title","meta":{"_monsterinsights_skip_tracking":false,"_monsterinsights_sitenote_active":false,"_monsterinsights_sitenote_note":"","_monsterinsights_sitenote_category":0,"ngg_post_thumbnail":0,"footnotes":""},"class_list":["post-17","page","type-page","status-publish","hentry"],"aioseo_notices":[],"_links":{"self":[{"href":"https:\/\/kildu.ee\/kulalistemaja\/wp-json\/wp\/v2\/pages\/17","targetHints":{"allow":["GET"]}}],"collection":[{"href":"https:\/\/kildu.ee\/kulalistemaja\/wp-json\/wp\/v2\/pages"}],"about":[{"href":"https:\/\/kildu.ee\/kulalistemaja\/wp-json\/wp\/v2\/types\/page"}],"author":[{"embeddable":true,"href":"https:\/\/kildu.ee\/kulalistemaja\/wp-json\/wp\/v2\/users\/1"}],"replies":[{"embeddable":true,"href":"https:\/\/kildu.ee\/kulalistemaja\/wp-json\/wp\/v2\/comments?post=17"}],"version-history":[{"count":4,"href":"https:\/\/kildu.ee\/kulalistemaja\/wp-json\/wp\/v2\/pages\/17\/revisions"}],"predecessor-version":[{"id":139,"href":"https:\/\/kildu.ee\/kulalistemaja\/wp-json\/wp\/v2\/pages\/17\/revisions\/139"}],"wp:attachment":[{"href":"https:\/\/kildu.ee\/kulalistemaja\/wp-json\/wp\/v2\/media?parent=17"}],"curies":[{"name":"wp","href":"https:\/\/api.w.org\/{rel}","templated":true}]}}