{"id":12,"date":"2024-10-02T11:00:46","date_gmt":"2024-10-02T11:00:46","guid":{"rendered":"https:\/\/kildu.ee\/ratsakeskus\/meist\/"},"modified":"2024-10-03T14:24:16","modified_gmt":"2024-10-03T14:24:16","slug":"hobuste_rendiboksid","status":"publish","type":"page","link":"https:\/\/kildu.ee\/ratsakeskus\/hobuste_rendiboksid\/","title":{"rendered":"Hobuste rendiboksid"},"content":{"rendered":"\n<div class=\"wp-block-group alignfull has-background-background-color has-background has-global-padding is-layout-constrained wp-block-group-is-layout-constrained\" style=\"margin-top:0;margin-bottom:0;padding-top:0;padding-bottom:0\">\n<div class=\"wp-block-cover alignfull\" style=\"padding-top:0;padding-right:var(--wp--preset--spacing--30);padding-bottom:0;padding-left:var(--wp--preset--spacing--30);min-height:50px;aspect-ratio:unset;\"><span aria-hidden=\"true\" class=\"wp-block-cover__background has-black-background-color has-background-dim-60 has-background-dim\"><\/span><img loading=\"lazy\" decoding=\"async\" width=\"1600\" height=\"1067\" class=\"wp-block-cover__image-background wp-image-89\" alt=\"\" src=\"https:\/\/kildu.ee\/ratsakeskus\/wp-content\/uploads\/2024\/10\/vaike-tall.jpg\" data-object-fit=\"cover\" srcset=\"https:\/\/kildu.ee\/ratsakeskus\/wp-content\/uploads\/2024\/10\/vaike-tall.jpg 1600w, https:\/\/kildu.ee\/ratsakeskus\/wp-content\/uploads\/2024\/10\/vaike-tall-300x200.jpg 300w, https:\/\/kildu.ee\/ratsakeskus\/wp-content\/uploads\/2024\/10\/vaike-tall-1024x683.jpg 1024w, https:\/\/kildu.ee\/ratsakeskus\/wp-content\/uploads\/2024\/10\/vaike-tall-768x512.jpg 768w, https:\/\/kildu.ee\/ratsakeskus\/wp-content\/uploads\/2024\/10\/vaike-tall-1536x1024.jpg 1536w\" sizes=\"auto, (max-width: 1600px) 100vw, 1600px\" \/><div class=\"wp-block-cover__inner-container is-layout-flow wp-block-cover-is-layout-flow\">\n<div class=\"wp-block-group has-global-padding is-layout-constrained wp-block-group-is-layout-constrained\" style=\"padding-top:var(--wp--preset--spacing--60);padding-bottom:var(--wp--preset--spacing--60)\">\n<h1 class=\"wp-block-heading has-text-align-left has-text-color has-x-large-font-size\" style=\"color:#fffffffc\">Hobuste rendiboksid<\/h1>\n<\/div>\n<\/div><\/div>\n<\/div>\n\n\n\n<div class=\"wp-block-group alignfull has-background-background-color has-background has-global-padding is-layout-constrained wp-container-core-group-is-layout-7276a2bb wp-block-group-is-layout-constrained\" style=\"margin-top:0;margin-bottom:0;padding-top:var(--wp--preset--spacing--60);padding-right:var(--wp--preset--spacing--30);padding-bottom:var(--wp--preset--spacing--60);padding-left:var(--wp--preset--spacing--30)\">\n<div class=\"wp-block-group alignfull has-global-padding is-layout-constrained wp-block-group-is-layout-constrained\">\n<div class=\"wp-block-group is-layout-flow wp-container-core-group-is-layout-47e5a185 wp-block-group-is-layout-flow\">\n<p class=\"has-text-align-center\">Viljandimaal P\u00f5hja-Sakala vallas asuv Kildu ratsakeskus pakub talli boksikohti kahes aastaringselt tegutsevas tallis ja \u00fches suvetallis.<\/p>\n<\/div>\n\n\n\n<div class=\"wp-block-columns alignwide is-layout-flex wp-container-core-columns-is-layout-f415f12b wp-block-columns-is-layout-flex\" style=\"margin-top:48px\">\n<div class=\"wp-block-column has-tertiary-background-color has-background is-layout-flow wp-container-core-column-is-layout-47e5a185 wp-block-column-is-layout-flow\">\n<div class=\"wp-block-group is-layout-flow wp-container-core-group-is-layout-491aba35 wp-block-group-is-layout-flow\" style=\"margin-top:0;padding-top:var(--wp--preset--spacing--30);padding-right:var(--wp--preset--spacing--30);padding-bottom:var(--wp--preset--spacing--30);padding-left:var(--wp--preset--spacing--30)\">\n<h2 class=\"wp-block-heading\" style=\"font-size:clamp(16.293px, 1.018rem + ((1vw - 3.2px) * 0.907), 25px);\"><strong>Hobuste rendiboksid<\/strong><\/h2>\n\n\n\n<p>Suur tall on 30-kohaline. Tall on avar, valgusk\u00fcllane, k\u00f5rge laega ja \u00f5hurikas.<\/p>\n\n\n\n<p>Bokside m\u00f5\u00f5dud: 4\u00d73 meetrit. Boksides on automaatjootjad ja sool.<\/p>\n\n\n\n<p>Suures tallis on pesuboks.<\/p>\n\n\n\n<p>V\u00e4ikeses tallis on 10 boksikohta ning lisaks 2 v\u00e4liboksi. Bokside m\u00f5\u00f5dud v\u00e4ikeses tallis on 3,5&#215;3,3 meetrit. Boksides on automaatjootjad ja sool.<\/p>\n\n\n\n<p>Hobustele pakume nii heina kui ka kuivsilo.<\/p>\n\n\n\n<p>M\u00f5lemas tallis on varustuseruum ja s\u00f6\u00f6daruum. M\u00f5lema tallis on tekikuivatusruum ning varustuse pesemise v\u00f5imalus.<\/p>\n\n\n\n<p>Ratsakeskuses on riietus- ja dushiruumid sportlastele.<\/p>\n\n\n\n<p>M\u00f5lema talli hobuste jaoks on \u00fchehobusekoplid.<\/p>\n\n\n\n<p>M\u00f5lema talli jaoks on liiva- ja tekstiilikattega v\u00e4liplats m\u00f5\u00f5tmetega 50\u00d780 meetrit ning manee\u017ei m\u00f5\u00f5tmetega on 66\u00d720 meetrit. Manee\u017eis on liiva- ja tekstiilikattega v\u00e4ljak.<\/p>\n\n\n\n<p>V\u00e4ljakutel ja manee\u017eis kasutamiseks koolis\u00f5iduaia komplekt 60\u00d720 meetrit ning hulgaliselt takistusi.<\/p>\n\n\n\n<p><strong>Boksi\u00fc\u00fcr suures tallis on 350 eurot kuus (alates 01.01.2024 on boksi\u00fc\u00fcr 400 eurot kuus).<\/strong><\/p>\n\n\n\n<p><strong>Boksi\u00fc\u00fcr v\u00e4ikeses tallis on 300 eurot kuus (alates 01.01.2024 on boksi\u00fc\u00fcr 350 eurot kuus).<\/strong><\/p>\n\n\n\n<p>Tekitamise hind on 20 eurot kuus.<\/p>\n\n\n\n<p>Hinnad on koos k\u00e4ibemaksuga.<\/p>\n<\/div>\n<\/div>\n\n\n\n<div class=\"wp-block-column has-tertiary-background-color has-background is-layout-flow wp-container-core-column-is-layout-47e5a185 wp-block-column-is-layout-flow\">\n<div class=\"wp-block-group is-layout-flow wp-container-core-group-is-layout-491aba35 wp-block-group-is-layout-flow\" style=\"margin-top:0;padding-top:var(--wp--preset--spacing--30);padding-right:var(--wp--preset--spacing--30);padding-bottom:var(--wp--preset--spacing--30);padding-left:var(--wp--preset--spacing--30)\">\n<h2 class=\"wp-block-heading\" style=\"font-size:clamp(16.293px, 1.018rem + ((1vw - 3.2px) * 0.907), 25px);\"><strong>Boksikohad suvises tallis ja suvine vabapidamine<\/strong><\/h2>\n\n\n\n<p>Kildu ratsakeskus pakub suveks, 1. aprillist\u2013 1. novembrini vabapidamise v\u00f5imalust koos boksikohaga.<\/p>\n\n\n\n<p>Suvetall asub V\u00f5lli k\u00fclas, Kuusikul, 7 km Kildu ratsakeskusest.<\/p>\n\n\n\n<p>Sobib h\u00e4sti noortele hobustele ning m\u00e4radele ja varssadele. T\u00e4kkusid suvetalli ei v\u00f5eta.<\/p>\n\n\n\n<p>Tallis on 6 boksikohta ja 2 v\u00e4liboksi. Varustuse majake, kus ka riiete vahetamise v\u00f5imalus.<\/p>\n\n\n\n<p>Bokside m\u00f5\u00f5dud: 2,5\u00d73,8 meetrit.<\/p>\n\n\n\n<p>Hobustel on v\u00f5imalus \u00f6\u00f6p\u00e4evaringselt v\u00e4ljas \u00fchiskoplis olla. Varjualune. Kokkuleppel boksidesse panemine.<\/p>\n\n\n\n<p>Talli l\u00e4hedal on kaunid metsarajad.<\/p>\n\n\n\n<p>Samuti on hinna sees 7. km kaugusel oleva Kildu ratsakeskuse manee\u017ei ja v\u00e4lisv\u00e4ljaku kasutamise v\u00f5imalus.<\/p>\n\n\n\n<p><strong>Suvetallis on hind 150 eurot kuus.<\/strong><\/p>\n\n\n\n<p>Tekitamise hind on 20 eurot kuus.<\/p>\n\n\n\n<p>Hinnad on koos k\u00e4ibemaksuga.<\/p>\n<\/div>\n<\/div>\n<\/div>\n\n\n\n<p class=\"has-text-align-center\">Lisaks pakume hobuse omanikele ja sportlastele \u00f6\u00f6bimis- ning toitlustamisv\u00f5imalust meie k\u00fclalistemajas.<\/p>\n\n\n\n<p class=\"has-text-align-center\">Kontaktid ja lisainfo:<\/p>\n\n\n\n<p class=\"has-text-align-center\">+372 50 62 283<\/p>\n\n\n\n<p class=\"has-text-align-center\"><a href=\"mailto:priit@kildu.ee\" target=\"_blank\" rel=\"noreferrer noopener\">priit@kildu.ee<\/a><\/p>\n\n\n\n<p class=\"has-text-align-center\">Facebookis Kildu ratsakeskus-k\u00fclalistemaja<\/p>\n\n\n\n<figure class=\"wp-block-gallery has-nested-images columns-default is-cropped wp-block-gallery-1 is-layout-flex wp-block-gallery-is-layout-flex\">\n<figure class=\"wp-block-image size-large is-style-default\"><img loading=\"lazy\" decoding=\"async\" width=\"1024\" height=\"683\" data-id=\"157\" src=\"https:\/\/kildu.ee\/ratsakeskus\/wp-content\/uploads\/2024\/10\/vaike-tall-3-1024x683.jpg\" alt=\"\" class=\"wp-image-157\" srcset=\"https:\/\/kildu.ee\/ratsakeskus\/wp-content\/uploads\/2024\/10\/vaike-tall-3-1024x683.jpg 1024w, https:\/\/kildu.ee\/ratsakeskus\/wp-content\/uploads\/2024\/10\/vaike-tall-3-300x200.jpg 300w, https:\/\/kildu.ee\/ratsakeskus\/wp-content\/uploads\/2024\/10\/vaike-tall-3-768x512.jpg 768w, https:\/\/kildu.ee\/ratsakeskus\/wp-content\/uploads\/2024\/10\/vaike-tall-3-1536x1024.jpg 1536w, https:\/\/kildu.ee\/ratsakeskus\/wp-content\/uploads\/2024\/10\/vaike-tall-3.jpg 1600w\" sizes=\"auto, (max-width: 1024px) 100vw, 1024px\" \/><\/figure>\n\n\n\n<figure class=\"wp-block-image size-large\"><img loading=\"lazy\" decoding=\"async\" width=\"1024\" height=\"768\" data-id=\"155\" src=\"https:\/\/kildu.ee\/ratsakeskus\/wp-content\/uploads\/2024\/10\/tall1-1-1024x768.jpg\" alt=\"\" class=\"wp-image-155\" srcset=\"https:\/\/kildu.ee\/ratsakeskus\/wp-content\/uploads\/2024\/10\/tall1-1-1024x768.jpg 1024w, https:\/\/kildu.ee\/ratsakeskus\/wp-content\/uploads\/2024\/10\/tall1-1-300x225.jpg 300w, https:\/\/kildu.ee\/ratsakeskus\/wp-content\/uploads\/2024\/10\/tall1-1-768x576.jpg 768w, https:\/\/kildu.ee\/ratsakeskus\/wp-content\/uploads\/2024\/10\/tall1-1-1536x1152.jpg 1536w, https:\/\/kildu.ee\/ratsakeskus\/wp-content\/uploads\/2024\/10\/tall1-1.jpg 1728w\" sizes=\"auto, (max-width: 1024px) 100vw, 1024px\" \/><\/figure>\n\n\n\n<figure class=\"wp-block-image size-large\"><img loading=\"lazy\" decoding=\"async\" width=\"1024\" height=\"576\" data-id=\"156\" src=\"https:\/\/kildu.ee\/ratsakeskus\/wp-content\/uploads\/2024\/10\/pilt2-1-1024x576.jpg\" alt=\"\" class=\"wp-image-156\" srcset=\"https:\/\/kildu.ee\/ratsakeskus\/wp-content\/uploads\/2024\/10\/pilt2-1-1024x576.jpg 1024w, https:\/\/kildu.ee\/ratsakeskus\/wp-content\/uploads\/2024\/10\/pilt2-1-300x169.jpg 300w, https:\/\/kildu.ee\/ratsakeskus\/wp-content\/uploads\/2024\/10\/pilt2-1-768x432.jpg 768w, https:\/\/kildu.ee\/ratsakeskus\/wp-content\/uploads\/2024\/10\/pilt2-1-1536x864.jpg 1536w, https:\/\/kildu.ee\/ratsakeskus\/wp-content\/uploads\/2024\/10\/pilt2-1.jpg 1632w\" sizes=\"auto, (max-width: 1024px) 100vw, 1024px\" \/><\/figure>\n\n\n\n<figure class=\"wp-block-image size-large\"><img loading=\"lazy\" decoding=\"async\" width=\"1024\" height=\"576\" data-id=\"154\" src=\"https:\/\/kildu.ee\/ratsakeskus\/wp-content\/uploads\/2024\/10\/pilt1-1-1024x576.jpg\" alt=\"\" class=\"wp-image-154\" srcset=\"https:\/\/kildu.ee\/ratsakeskus\/wp-content\/uploads\/2024\/10\/pilt1-1-1024x576.jpg 1024w, https:\/\/kildu.ee\/ratsakeskus\/wp-content\/uploads\/2024\/10\/pilt1-1-300x169.jpg 300w, https:\/\/kildu.ee\/ratsakeskus\/wp-content\/uploads\/2024\/10\/pilt1-1-768x432.jpg 768w, https:\/\/kildu.ee\/ratsakeskus\/wp-content\/uploads\/2024\/10\/pilt1-1-1536x864.jpg 1536w, https:\/\/kildu.ee\/ratsakeskus\/wp-content\/uploads\/2024\/10\/pilt1-1.jpg 2000w\" sizes=\"auto, (max-width: 1024px) 100vw, 1024px\" \/><\/figure>\n<\/figure>\n<\/div>\n<\/div>\n","protected":false},"excerpt":{"rendered":"<p>Viljandimaal P\u00f5hja-Sakala vallas asuv Kildu ratsakeskus pakub talli boksikohti kahes aastaringselt tegutsevas tallis ja \u00fches suvetallis. Hobuste rendiboksid Suur tall on 30-kohaline. Tall on avar, valgusk\u00fcllane, k\u00f5rge laega ja \u00f5hurikas. Bokside m\u00f5\u00f5dud: 4\u00d73 meetrit. Boksides on automaatjootjad ja sool. Suures tallis on pesuboks. V\u00e4ikeses tallis on 10 boksikohta ning lisaks 2 v\u00e4liboksi. Bokside m\u00f5\u00f5dud v\u00e4ikeses [&hellip;]<\/p>\n","protected":false},"author":1,"featured_media":0,"parent":0,"menu_order":0,"comment_status":"closed","ping_status":"closed","template":"no-title","meta":{"_monsterinsights_skip_tracking":false,"_monsterinsights_sitenote_active":false,"_monsterinsights_sitenote_note":"","_monsterinsights_sitenote_category":0,"footnotes":""},"class_list":["post-12","page","type-page","status-publish","hentry"],"aioseo_notices":[],"_links":{"self":[{"href":"https:\/\/kildu.ee\/ratsakeskus\/wp-json\/wp\/v2\/pages\/12","targetHints":{"allow":["GET"]}}],"collection":[{"href":"https:\/\/kildu.ee\/ratsakeskus\/wp-json\/wp\/v2\/pages"}],"about":[{"href":"https:\/\/kildu.ee\/ratsakeskus\/wp-json\/wp\/v2\/types\/page"}],"author":[{"embeddable":true,"href":"https:\/\/kildu.ee\/ratsakeskus\/wp-json\/wp\/v2\/users\/1"}],"replies":[{"embeddable":true,"href":"https:\/\/kildu.ee\/ratsakeskus\/wp-json\/wp\/v2\/comments?post=12"}],"version-history":[{"count":9,"href":"https:\/\/kildu.ee\/ratsakeskus\/wp-json\/wp\/v2\/pages\/12\/revisions"}],"predecessor-version":[{"id":159,"href":"https:\/\/kildu.ee\/ratsakeskus\/wp-json\/wp\/v2\/pages\/12\/revisions\/159"}],"wp:attachment":[{"href":"https:\/\/kildu.ee\/ratsakeskus\/wp-json\/wp\/v2\/media?parent=12"}],"curies":[{"name":"wp","href":"https:\/\/api.w.org\/{rel}","templated":true}]}}