{"id":14,"date":"2024-10-02T11:00:46","date_gmt":"2024-10-02T11:00:46","guid":{"rendered":"https:\/\/kildu.ee\/ratsakeskus\/kontakt\/"},"modified":"2024-10-03T13:20:07","modified_gmt":"2024-10-03T13:20:07","slug":"praktikabaas","status":"publish","type":"page","link":"https:\/\/kildu.ee\/ratsakeskus\/praktikabaas\/","title":{"rendered":"Praktikabaas"},"content":{"rendered":"\n<div class=\"wp-block-group alignfull has-background-background-color has-background has-global-padding is-layout-constrained wp-block-group-is-layout-constrained\" style=\"margin-top:0;margin-bottom:0;padding-top:0;padding-bottom:0\">\n<div class=\"wp-block-cover alignfull\" style=\"padding-top:0;padding-right:var(--wp--preset--spacing--30);padding-bottom:0;padding-left:var(--wp--preset--spacing--30);min-height:50px;aspect-ratio:unset;\"><span aria-hidden=\"true\" class=\"wp-block-cover__background has-black-background-color has-background-dim-60 has-background-dim\"><\/span><img loading=\"lazy\" decoding=\"async\" width=\"2000\" height=\"1500\" class=\"wp-block-cover__image-background wp-image-124\" alt=\"\" src=\"https:\/\/kildu.ee\/ratsakeskus\/wp-content\/uploads\/2024\/10\/karjamaa.jpg\" style=\"object-position:53% 63%\" data-object-fit=\"cover\" data-object-position=\"53% 63%\" srcset=\"https:\/\/kildu.ee\/ratsakeskus\/wp-content\/uploads\/2024\/10\/karjamaa.jpg 2000w, https:\/\/kildu.ee\/ratsakeskus\/wp-content\/uploads\/2024\/10\/karjamaa-300x225.jpg 300w, https:\/\/kildu.ee\/ratsakeskus\/wp-content\/uploads\/2024\/10\/karjamaa-1024x768.jpg 1024w, https:\/\/kildu.ee\/ratsakeskus\/wp-content\/uploads\/2024\/10\/karjamaa-768x576.jpg 768w, https:\/\/kildu.ee\/ratsakeskus\/wp-content\/uploads\/2024\/10\/karjamaa-1536x1152.jpg 1536w\" sizes=\"auto, (max-width: 2000px) 100vw, 2000px\" \/><div class=\"wp-block-cover__inner-container is-layout-flow wp-block-cover-is-layout-flow\">\n<div class=\"wp-block-group has-global-padding is-layout-constrained wp-block-group-is-layout-constrained\" style=\"padding-top:var(--wp--preset--spacing--60);padding-bottom:var(--wp--preset--spacing--60)\">\n<h1 class=\"wp-block-heading has-text-align-left has-text-color has-x-large-font-size\" style=\"color:#fffffffc\">Praktikabaas<\/h1>\n<\/div>\n<\/div><\/div>\n<\/div>\n\n\n\n<div class=\"wp-block-group alignfull has-background-background-color has-background has-global-padding is-layout-constrained wp-container-core-group-is-layout-fb85e995 wp-block-group-is-layout-constrained\" style=\"margin-top:0;margin-bottom:0;padding-top:var(--wp--preset--spacing--60);padding-right:var(--wp--preset--spacing--30);padding-bottom:var(--wp--preset--spacing--60);padding-left:var(--wp--preset--spacing--30)\">\n<div class=\"wp-block-buttons is-content-justification-center is-layout-flex wp-container-core-buttons-is-layout-720bcce9 wp-block-buttons-is-layout-flex\"><\/div>\n\n\n\n<div class=\"wp-block-media-text alignwide is-stacked-on-mobile\"><figure class=\"wp-block-media-text__media\"><img loading=\"lazy\" decoding=\"async\" width=\"1024\" height=\"683\" src=\"https:\/\/kildu.ee\/ratsakeskus\/wp-content\/uploads\/2024\/10\/vaike-tall-2-1024x683.jpg\" alt=\"\" class=\"wp-image-131 size-full\" srcset=\"https:\/\/kildu.ee\/ratsakeskus\/wp-content\/uploads\/2024\/10\/vaike-tall-2-1024x683.jpg 1024w, https:\/\/kildu.ee\/ratsakeskus\/wp-content\/uploads\/2024\/10\/vaike-tall-2-300x200.jpg 300w, https:\/\/kildu.ee\/ratsakeskus\/wp-content\/uploads\/2024\/10\/vaike-tall-2-768x512.jpg 768w, https:\/\/kildu.ee\/ratsakeskus\/wp-content\/uploads\/2024\/10\/vaike-tall-2-1536x1024.jpg 1536w, https:\/\/kildu.ee\/ratsakeskus\/wp-content\/uploads\/2024\/10\/vaike-tall-2.jpg 1600w\" sizes=\"auto, (max-width: 1024px) 100vw, 1024px\" \/><\/figure><div class=\"wp-block-media-text__content\">\n<p>Kildu ratsakeskus v\u00f5tab vastu hobustega seotud erialal \u00f5ppivaid praktikante.<\/p>\n\n\n\n<p>Omalt poolt pakume praktikav\u00f5imalust uues kaasaegses ratsakeskuses \u2013&nbsp;&nbsp;kaks talli, manee\u017e, riietusruumid jne. Praktikantidele pakume tasuta \u00f6\u00f6bimisv\u00f5imalust meie k\u00fclalistemajas.<\/p>\n\n\n\n<p>Praktikandilt eeldame siirast soovi ratsakeskuse t\u00f6\u00f6des aktiivselt kaasa l\u00fc\u00fca.<\/p>\n\n\n\n<p>Praktika eest t\u00f6\u00f6tasu ei maksta.<\/p>\n\n\n\n<p>Huvi korral v\u00f5ta \u00fchendust telefonil 50 62 283, e-posti aadressil\u00a0priit@kildu.ee\u00a0v\u00f5i Kildu ratsakeskus-k\u00fclalistemaja Facebooki kaudu.<\/p>\n<\/div><\/div>\n<\/div>\n","protected":false},"excerpt":{"rendered":"<p>Kildu ratsakeskus v\u00f5tab vastu hobustega seotud erialal \u00f5ppivaid praktikante. Omalt poolt pakume praktikav\u00f5imalust uues kaasaegses ratsakeskuses \u2013&nbsp;&nbsp;kaks talli, manee\u017e, riietusruumid jne. Praktikantidele pakume tasuta \u00f6\u00f6bimisv\u00f5imalust meie k\u00fclalistemajas. Praktikandilt eeldame siirast soovi ratsakeskuse t\u00f6\u00f6des aktiivselt kaasa l\u00fc\u00fca. Praktika eest t\u00f6\u00f6tasu ei maksta. Huvi korral v\u00f5ta \u00fchendust telefonil 50 62 283, e-posti aadressil\u00a0priit@kildu.ee\u00a0v\u00f5i Kildu ratsakeskus-k\u00fclalistemaja Facebooki kaudu.<\/p>\n","protected":false},"author":1,"featured_media":0,"parent":0,"menu_order":0,"comment_status":"closed","ping_status":"closed","template":"no-title","meta":{"_monsterinsights_skip_tracking":false,"_monsterinsights_sitenote_active":false,"_monsterinsights_sitenote_note":"","_monsterinsights_sitenote_category":0,"footnotes":""},"class_list":["post-14","page","type-page","status-publish","hentry"],"aioseo_notices":[],"_links":{"self":[{"href":"https:\/\/kildu.ee\/ratsakeskus\/wp-json\/wp\/v2\/pages\/14","targetHints":{"allow":["GET"]}}],"collection":[{"href":"https:\/\/kildu.ee\/ratsakeskus\/wp-json\/wp\/v2\/pages"}],"about":[{"href":"https:\/\/kildu.ee\/ratsakeskus\/wp-json\/wp\/v2\/types\/page"}],"author":[{"embeddable":true,"href":"https:\/\/kildu.ee\/ratsakeskus\/wp-json\/wp\/v2\/users\/1"}],"replies":[{"embeddable":true,"href":"https:\/\/kildu.ee\/ratsakeskus\/wp-json\/wp\/v2\/comments?post=14"}],"version-history":[{"count":7,"href":"https:\/\/kildu.ee\/ratsakeskus\/wp-json\/wp\/v2\/pages\/14\/revisions"}],"predecessor-version":[{"id":134,"href":"https:\/\/kildu.ee\/ratsakeskus\/wp-json\/wp\/v2\/pages\/14\/revisions\/134"}],"wp:attachment":[{"href":"https:\/\/kildu.ee\/ratsakeskus\/wp-json\/wp\/v2\/media?parent=14"}],"curies":[{"name":"wp","href":"https:\/\/api.w.org\/{rel}","templated":true}]}}