{"id":17,"date":"2024-10-02T11:00:46","date_gmt":"2024-10-02T11:00:46","guid":{"rendered":"https:\/\/kildu.ee\/ratsakeskus\/galerii\/"},"modified":"2026-02-08T11:47:51","modified_gmt":"2026-02-08T11:47:51","slug":"muud","status":"publish","type":"page","link":"https:\/\/kildu.ee\/ratsakeskus\/muud\/","title":{"rendered":"Muud hobuseteenused"},"content":{"rendered":"\n<div class=\"wp-block-group alignfull has-background-background-color has-background has-global-padding is-layout-constrained wp-block-group-is-layout-constrained\" style=\"margin-top:0;margin-bottom:0;padding-top:0;padding-bottom:0\">\n<div class=\"wp-block-cover alignfull\" style=\"padding-top:0;padding-right:var(--wp--preset--spacing--30);padding-bottom:0;padding-left:var(--wp--preset--spacing--30);min-height:50px;aspect-ratio:unset;\"><img loading=\"lazy\" decoding=\"async\" width=\"1024\" height=\"1024\" class=\"wp-block-cover__image-background wp-image-99\" alt=\"\" src=\"https:\/\/kildu.ee\/ratsakeskus\/wp-content\/uploads\/2024\/10\/img-OoOnYE84ASi5T0kss8SUEL6w.png\" style=\"object-position:58% 88%\" data-object-fit=\"cover\" data-object-position=\"58% 88%\" srcset=\"https:\/\/kildu.ee\/ratsakeskus\/wp-content\/uploads\/2024\/10\/img-OoOnYE84ASi5T0kss8SUEL6w.png 1024w, https:\/\/kildu.ee\/ratsakeskus\/wp-content\/uploads\/2024\/10\/img-OoOnYE84ASi5T0kss8SUEL6w-300x300.png 300w, https:\/\/kildu.ee\/ratsakeskus\/wp-content\/uploads\/2024\/10\/img-OoOnYE84ASi5T0kss8SUEL6w-150x150.png 150w, https:\/\/kildu.ee\/ratsakeskus\/wp-content\/uploads\/2024\/10\/img-OoOnYE84ASi5T0kss8SUEL6w-768x768.png 768w\" sizes=\"auto, (max-width: 1024px) 100vw, 1024px\" \/><span aria-hidden=\"true\" class=\"wp-block-cover__background has-black-background-color has-background-dim\"><\/span><div class=\"wp-block-cover__inner-container has-global-padding is-layout-constrained wp-container-core-cover-is-layout-17d11c15 wp-block-cover-is-layout-constrained\">\n<div class=\"wp-block-group has-global-padding is-layout-constrained wp-block-group-is-layout-constrained\" style=\"padding-top:var(--wp--preset--spacing--60);padding-bottom:var(--wp--preset--spacing--60)\">\n<h1 class=\"wp-block-heading alignwide has-text-align-left has-text-color has-x-large-font-size\" style=\"color:#fffffffc\">Muud hobuseteenused<\/h1>\n<\/div>\n<\/div><\/div>\n<\/div>\n\n\n\n<div class=\"wp-block-group alignfull has-background-background-color has-background has-global-padding is-layout-constrained wp-container-core-group-is-layout-7276a2bb wp-block-group-is-layout-constrained\" id=\"kliendi-tagasiside\" style=\"margin-top:0;margin-bottom:0;padding-top:var(--wp--preset--spacing--60);padding-right:var(--wp--preset--spacing--30);padding-bottom:var(--wp--preset--spacing--60);padding-left:var(--wp--preset--spacing--30)\">\n<div class=\"wp-block-columns alignwide is-layout-flex wp-container-core-columns-is-layout-aee59796 wp-block-columns-is-layout-flex\" style=\"margin-top:32px\">\n<div class=\"wp-block-column has-tertiary-background-color has-background is-layout-flow wp-block-column-is-layout-flow\">\n<div class=\"wp-block-group has-global-padding is-layout-constrained wp-container-core-group-is-layout-24fca791 wp-block-group-is-layout-constrained\" style=\"padding-top:var(--wp--preset--spacing--30);padding-right:24px;padding-bottom:var(--wp--preset--spacing--30);padding-left:24px\">\n<h2 class=\"wp-block-heading\" style=\"font-size:clamp(1.25rem, 1.25rem + ((1vw - 0.2rem) * 1.25), 2rem);\"><strong>Vankri- ja saanis\u00f5it<\/strong><\/h2>\n\n\n\n<p>Pakume vankri ja saanis\u00f5ite.<\/p>\n\n\n\n<p>Saanis\u00f5it meie juures \u2013\u00a0<strong>45 minutit 80 eurot<\/strong>. Lume olemasolu vajalik!<\/p>\n\n\n\n<p>Vankris\u00f5it meie juures \u2013\u00a0<strong>45 minutit\u00a0\u00a080 eurot<\/strong><\/p>\n\n\n\n<p>S\u00f5idud v\u00e4ljaspool Kildut toimuvad kokkuleppel!<\/p>\n\n\n\n<p>Hind kehtib saani ja vankri kohta. Saanile mahub 3-4 inimest. Vankrile 5-6 inimest.<\/p>\n<\/div>\n<\/div>\n\n\n\n<div class=\"wp-block-column has-tertiary-background-color has-background is-layout-flow wp-block-column-is-layout-flow\">\n<div class=\"wp-block-group has-global-padding is-layout-constrained wp-container-core-group-is-layout-24fca791 wp-block-group-is-layout-constrained\" style=\"padding-top:var(--wp--preset--spacing--30);padding-right:24px;padding-bottom:var(--wp--preset--spacing--30);padding-left:24px\">\n<h2 class=\"wp-block-heading\" style=\"font-size:clamp(1.25rem, 1.25rem + ((1vw - 0.2rem) * 1.25), 2rem);\"><strong>Hobusega n\u00f6\u00f6ri otsas jalutamine<\/strong><\/h2>\n\n\n\n<p><strong>45 minutit 60 eurot.<\/strong><\/p>\n\n\n\n<p>Jalutamine v\u00e4ljaspool Kildut toimub kokkuleppel!<\/p>\n<\/div>\n<\/div>\n\n\n\n<div class=\"wp-block-column has-tertiary-background-color has-background is-layout-flow wp-block-column-is-layout-flow\">\n<div class=\"wp-block-group has-global-padding is-layout-constrained wp-container-core-group-is-layout-24fca791 wp-block-group-is-layout-constrained\" style=\"padding-top:var(--wp--preset--spacing--30);padding-right:24px;padding-bottom:var(--wp--preset--spacing--30);padding-left:24px\">\n<h2 class=\"wp-block-heading\" style=\"font-size:clamp(1.25rem, 1.25rem + ((1vw - 0.2rem) * 1.25), 2rem);\"><strong>Treileri rent<\/strong><\/h2>\n\n\n\n<p>Rendime kahekohalist hobusetreilerit<\/p>\n\n\n\n<p>Sihtotstarbeline treiler Blomert 2002<\/p>\n\n\n\n<p><strong>Treileri rent \u2013 5 tundi 15 eurot ning 24 tundi 30 eurot<\/strong><\/p>\n<\/div>\n<\/div>\n<\/div>\n<\/div>\n","protected":false},"excerpt":{"rendered":"<p>Vankri- ja saanis\u00f5it Pakume vankri ja saanis\u00f5ite. Saanis\u00f5it meie juures \u2013\u00a045 minutit 80 eurot. Lume olemasolu vajalik! Vankris\u00f5it meie juures \u2013\u00a045 minutit\u00a0\u00a080 eurot S\u00f5idud v\u00e4ljaspool Kildut toimuvad kokkuleppel! Hind kehtib saani ja vankri kohta. Saanile mahub 3-4 inimest. Vankrile 5-6 inimest. Hobusega n\u00f6\u00f6ri otsas jalutamine 45 minutit 60 eurot. Jalutamine v\u00e4ljaspool Kildut toimub kokkuleppel! Treileri [&hellip;]<\/p>\n","protected":false},"author":1,"featured_media":0,"parent":0,"menu_order":0,"comment_status":"closed","ping_status":"closed","template":"no-title","meta":{"_monsterinsights_skip_tracking":false,"_monsterinsights_sitenote_active":false,"_monsterinsights_sitenote_note":"","_monsterinsights_sitenote_category":0,"footnotes":""},"class_list":["post-17","page","type-page","status-publish","hentry"],"aioseo_notices":[],"_links":{"self":[{"href":"https:\/\/kildu.ee\/ratsakeskus\/wp-json\/wp\/v2\/pages\/17","targetHints":{"allow":["GET"]}}],"collection":[{"href":"https:\/\/kildu.ee\/ratsakeskus\/wp-json\/wp\/v2\/pages"}],"about":[{"href":"https:\/\/kildu.ee\/ratsakeskus\/wp-json\/wp\/v2\/types\/page"}],"author":[{"embeddable":true,"href":"https:\/\/kildu.ee\/ratsakeskus\/wp-json\/wp\/v2\/users\/1"}],"replies":[{"embeddable":true,"href":"https:\/\/kildu.ee\/ratsakeskus\/wp-json\/wp\/v2\/comments?post=17"}],"version-history":[{"count":12,"href":"https:\/\/kildu.ee\/ratsakeskus\/wp-json\/wp\/v2\/pages\/17\/revisions"}],"predecessor-version":[{"id":202,"href":"https:\/\/kildu.ee\/ratsakeskus\/wp-json\/wp\/v2\/pages\/17\/revisions\/202"}],"wp:attachment":[{"href":"https:\/\/kildu.ee\/ratsakeskus\/wp-json\/wp\/v2\/media?parent=17"}],"curies":[{"name":"wp","href":"https:\/\/api.w.org\/{rel}","templated":true}]}}