{"id":18,"date":"2024-10-02T11:00:47","date_gmt":"2024-10-02T11:00:47","guid":{"rendered":"https:\/\/kildu.ee\/ratsakeskus\/avaleht\/"},"modified":"2024-10-03T12:44:31","modified_gmt":"2024-10-03T12:44:31","slug":"avaleht","status":"publish","type":"page","link":"https:\/\/kildu.ee\/ratsakeskus\/","title":{"rendered":"Avaleht"},"content":{"rendered":"\n<div class=\"wp-block-group alignfull has-background-background-color has-background has-global-padding is-content-justification-center is-layout-constrained wp-container-core-group-is-layout-96547276 wp-block-group-is-layout-constrained\" style=\"margin-top:0;margin-bottom:0;padding-top:var(--wp--preset--spacing--30);padding-right:var(--wp--preset--spacing--30);padding-bottom:var(--wp--preset--spacing--60);padding-left:var(--wp--preset--spacing--30)\">\n<div class=\"wp-block-columns alignwide are-vertically-aligned-center is-layout-flex wp-container-core-columns-is-layout-47c06fe3 wp-block-columns-is-layout-flex\">\n<div class=\"wp-block-column is-vertically-aligned-center is-layout-flow wp-block-column-is-layout-flow\">\n<figure class=\"wp-block-image size-large ext-aspect-portrait\"><img loading=\"lazy\" decoding=\"async\" width=\"1024\" height=\"683\" src=\"https:\/\/kildu.ee\/ratsakeskus\/wp-content\/uploads\/2024\/10\/IMG_4262-1024x683.jpg\" alt=\"\" class=\"wp-image-32\" style=\"aspect-ratio:1;object-fit:cover\" srcset=\"https:\/\/kildu.ee\/ratsakeskus\/wp-content\/uploads\/2024\/10\/IMG_4262-1024x683.jpg 1024w, https:\/\/kildu.ee\/ratsakeskus\/wp-content\/uploads\/2024\/10\/IMG_4262-300x200.jpg 300w, https:\/\/kildu.ee\/ratsakeskus\/wp-content\/uploads\/2024\/10\/IMG_4262-768x512.jpg 768w, https:\/\/kildu.ee\/ratsakeskus\/wp-content\/uploads\/2024\/10\/IMG_4262-1536x1024.jpg 1536w, https:\/\/kildu.ee\/ratsakeskus\/wp-content\/uploads\/2024\/10\/IMG_4262-2048x1366.jpg 2048w\" sizes=\"auto, (max-width: 1024px) 100vw, 1024px\" \/><\/figure>\n<\/div>\n\n\n\n<div class=\"wp-block-column is-vertically-aligned-center is-layout-flow wp-block-column-is-layout-flow\">\n<div class=\"wp-block-group has-global-padding is-layout-constrained wp-block-group-is-layout-constrained\">\n<div class=\"wp-block-group alignwide is-vertical is-content-justification-left is-layout-flex wp-container-core-group-is-layout-dd225191 wp-block-group-is-layout-flex\">\n<p style=\"margin-top:16px\">Kildu ratsakeskus asub Viljandimaal P\u00f5hja-Sakala vallas Kildu k\u00fclas looduskaunis paigas Soomaa servas.<\/p>\n\n\n\n<p>Kildu ratsakeskus on rajatud endisesse kooli spordikompleksi. V\u00f5imlast on saanud tall. Juurde on ehitatud suur manee\u017e, ratsav\u00e4ljak ning vajalikud abihooned.<\/p>\n\n\n\n<p>Ratsakeskustegeleb hobusekasvatuse ja ratsaspordiga. Ratsakeskus pakub rendibokse, ratsutamist ja rakendis\u00f5itu ning transporditeenust, &nbsp;viib l\u00e4bi treeninguid ja korraldab ratsaspordiv\u00f5istlusi. Ratsakeskuses tegutseb ratsakool.<\/p>\n\n\n\n<p style=\"margin-top:16px\">Ratsakeskus asub Eesti pealinnast Tallinnast 143 km, &nbsp;maakonnakeskusest Viljandist 18 km ja valla keskusest Suure-Jaanist 7 km kaugusel.<\/p>\n<\/div>\n<\/div>\n<\/div>\n<\/div>\n<\/div>\n\n\n\n<div class=\"wp-block-group alignfull has-tertiary-background-color has-background has-global-padding is-layout-constrained wp-container-core-group-is-layout-7276a2bb wp-block-group-is-layout-constrained\" id=\"kontakt\" style=\"margin-top:0;margin-bottom:0;padding-top:var(--wp--preset--spacing--60);padding-right:var(--wp--preset--spacing--30);padding-bottom:var(--wp--preset--spacing--60);padding-left:var(--wp--preset--spacing--30)\">\n<div class=\"wp-block-columns alignwide is-layout-flex wp-container-core-columns-is-layout-fa584acd wp-block-columns-is-layout-flex\">\n<div class=\"wp-block-column is-layout-flow wp-block-column-is-layout-flow\" style=\"flex-basis:50%\">\n<h2 class=\"wp-block-heading has-large-font-size\">V\u00f5ta meiega \u00fchendust<\/h2>\n\n\n\n<p><strong>K<\/strong>ooli, Kildu k\u00fcla, P\u00f5hja-Sakala vald, Viljandimaa 71512<\/p>\n\n\n\n<p>Priit Toobal<\/p>\n\n\n\n<p class=\"has-small-font-size\" style=\"margin-top:8px\">+372 506 2283<\/p>\n\n\n\n<p class=\"has-small-font-size\" style=\"margin-top:8px\">priit@kildu.ee<\/p>\n<\/div>\n\n\n\n<div class=\"wp-block-column is-layout-flow wp-block-column-is-layout-flow\" style=\"flex-basis:50%\">\n<figure class=\"wp-block-image size-large\"><img loading=\"lazy\" decoding=\"async\" width=\"1024\" height=\"683\" src=\"https:\/\/kildu.ee\/ratsakeskus\/wp-content\/uploads\/2024\/10\/IMG_4292-1024x683.jpg\" alt=\"\" class=\"wp-image-64\" srcset=\"https:\/\/kildu.ee\/ratsakeskus\/wp-content\/uploads\/2024\/10\/IMG_4292-1024x683.jpg 1024w, https:\/\/kildu.ee\/ratsakeskus\/wp-content\/uploads\/2024\/10\/IMG_4292-300x200.jpg 300w, https:\/\/kildu.ee\/ratsakeskus\/wp-content\/uploads\/2024\/10\/IMG_4292-768x512.jpg 768w, https:\/\/kildu.ee\/ratsakeskus\/wp-content\/uploads\/2024\/10\/IMG_4292-1536x1024.jpg 1536w, https:\/\/kildu.ee\/ratsakeskus\/wp-content\/uploads\/2024\/10\/IMG_4292-2048x1366.jpg 2048w\" sizes=\"auto, (max-width: 1024px) 100vw, 1024px\" \/><\/figure>\n<\/div>\n<\/div>\n<\/div>\n","protected":false},"excerpt":{"rendered":"<p>Kildu ratsakeskus asub Viljandimaal P\u00f5hja-Sakala vallas Kildu k\u00fclas looduskaunis paigas Soomaa servas. Kildu ratsakeskus on rajatud endisesse kooli spordikompleksi. V\u00f5imlast on saanud tall. Juurde on ehitatud suur manee\u017e, ratsav\u00e4ljak ning vajalikud abihooned. Ratsakeskustegeleb hobusekasvatuse ja ratsaspordiga. Ratsakeskus pakub rendibokse, ratsutamist ja rakendis\u00f5itu ning transporditeenust, &nbsp;viib l\u00e4bi treeninguid ja korraldab ratsaspordiv\u00f5istlusi. Ratsakeskuses tegutseb ratsakool. Ratsakeskus asub [&hellip;]<\/p>\n","protected":false},"author":1,"featured_media":0,"parent":0,"menu_order":0,"comment_status":"closed","ping_status":"closed","template":"no-title","meta":{"_monsterinsights_skip_tracking":false,"_monsterinsights_sitenote_active":false,"_monsterinsights_sitenote_note":"","_monsterinsights_sitenote_category":0,"footnotes":""},"class_list":["post-18","page","type-page","status-publish","hentry"],"aioseo_notices":[],"_links":{"self":[{"href":"https:\/\/kildu.ee\/ratsakeskus\/wp-json\/wp\/v2\/pages\/18","targetHints":{"allow":["GET"]}}],"collection":[{"href":"https:\/\/kildu.ee\/ratsakeskus\/wp-json\/wp\/v2\/pages"}],"about":[{"href":"https:\/\/kildu.ee\/ratsakeskus\/wp-json\/wp\/v2\/types\/page"}],"author":[{"embeddable":true,"href":"https:\/\/kildu.ee\/ratsakeskus\/wp-json\/wp\/v2\/users\/1"}],"replies":[{"embeddable":true,"href":"https:\/\/kildu.ee\/ratsakeskus\/wp-json\/wp\/v2\/comments?post=18"}],"version-history":[{"count":9,"href":"https:\/\/kildu.ee\/ratsakeskus\/wp-json\/wp\/v2\/pages\/18\/revisions"}],"predecessor-version":[{"id":118,"href":"https:\/\/kildu.ee\/ratsakeskus\/wp-json\/wp\/v2\/pages\/18\/revisions\/118"}],"wp:attachment":[{"href":"https:\/\/kildu.ee\/ratsakeskus\/wp-json\/wp\/v2\/media?parent=18"}],"curies":[{"name":"wp","href":"https:\/\/api.w.org\/{rel}","templated":true}]}}